{"id":20333,"date":"2016-01-14T00:00:00","date_gmt":"2016-01-13T23:00:00","guid":{"rendered":"http:\/\/new.hdke.hu\/contacts\/"},"modified":"2025-01-09T11:02:38","modified_gmt":"2025-01-09T10:02:38","slug":"contacts-2-2","status":"publish","type":"page","link":"https:\/\/hdke.hu\/en\/about-us\/contacts-2-2\/","title":{"rendered":"Contacts"},"content":{"rendered":"<section class=\"kc-elm kc-css-766182 kc_row\"><div class=\"kc-row-container  kc-container\"><div class=\"kc-wrap-columns\"><div class=\"kc-elm kc-css-404070 kc_col-sm-12 kc_column kc_col-sm-12\"><div class=\"kc-col-container\"><div class=\"kc-elm kc-css-13187 kc_shortcode kc_single_image\">\n\n        <img decoding=\"async\" src=\"https:\/\/hdke.hu\/wp-content\/uploads\/2023\/02\/dsc-0276-2-1016x200xc.jpg\" class=\"\" alt=\"\" \/>    <\/div>\n<div class=\"kc-elm kc-css-922453\" style=\"height: 20px; clear: both; width:100%;\"><\/div><div class=\"kc-elm kc-css-504274 kc_row kc_row_inner\"><div class=\"kc-elm kc-css-973817 kc_col-sm-5 kc_column_inner kc_col-sm-5\"><div class=\"kc_wrapper kc-col-inner-container\"><div class=\"kc-elm kc-css-633495 kc_text_block\"><\/p>\n<p><strong>Address:<br \/>\n<\/strong><strong>Holokauszt Eml\u00e9kk\u00f6zpont \u2013 Holocaust Memorial Center Budapest<br \/>\n<\/strong>1094 Budapest, P\u00e1va St. 39.<\/p>\n<p style=\"text-align: left;\"><strong>Contacts:<br \/>\n<\/strong>Phone: <a href=\"tel:+3614553333\">+36 1 455-3333<\/a><br \/>\ne-mail: <a href=\"mailto:info@hdke.hu\">info@hdke.hu<\/a><\/p>\n<p style=\"text-align: left;\"><strong>Approach<br \/>\n<\/strong><em>By public transportation<br \/>\n<\/em>Tram line 4-6: Corvin-negyed stop<br \/>\nMetro line 3 (blue line): Corvin-negyed station<br \/>\nTram line 51-51A \u2013 Bokr\u00e9ta Street stop<\/p>\n<p><em><strong>By car<\/strong><br \/>\n<\/em>Parking facilities are available at the Liliom Street or at the nearby Corvin shopping mall.<\/p>\n<hr \/>\n<p>\n<\/div><div class=\"kc-elm kc-css-491336\" style=\"height: 40px; clear: both; width:100%;\"><\/div><\/div><\/div><div class=\"kc-elm kc-css-68622 kc_col-sm-5 kc_column_inner kc_col-sm-5\"><div class=\"kc_wrapper kc-col-inner-container\"><div class=\"kc-elm kc-css-907916\" style=\"height: 125px; clear: both; width:100%;\"><\/div><div class=\"kc-elm kc-css-500116 kc_google_maps kc_shortcode\"><div style=\"height: 350px\" class=\"kc-google-maps\"><iframe src=\"https:\/\/www.google.com\/maps\/embed?pb=!1m18!1m12!1m3!1d43141.566080942524!2d19.067323835636074!3d47.48313598638737!2m3!1f0!2f0!3f0!3m2!1i1024!2i768!4f13.1!3m3!1m2!1s0x4741dc59455cc0a3%3A0x349cd6a733f103f3!2sHolocaust%20Memorial%20Center!5e0!3m2!1shu!2shu!4v1676471454377!5m2!1shu!2shu\" width=\"100%\" height=\"350\" style=\"border:0;\" allowfullscreen=\"\" loading=\"lazy\" referrerpolicy=\"no-referrer-when-downgrade\"><\/iframe><\/div><\/div><\/div><\/div><div class=\"kc-elm kc-css-878579 kc_col-sm-2 kc_column_inner kc_col-sm-2\"><div class=\"kc_wrapper kc-col-inner-container\"><\/div><\/div><\/div><div class=\"kc-elm kc-css-782461 kc_row kc_row_inner\"><div class=\"kc-elm kc-css-436521 kc_col-sm-4 kc_column_inner kc_col-sm-4\"><div class=\"kc_wrapper kc-col-inner-container\"><div class=\"kc-elm kc-css-889163 kc_text_block\"><\/p>\n<p><strong>M<\/strong><strong>anage<\/strong><strong>ment<\/strong><\/p>\n<p>\n<\/div><div class=\"kc-elm kc-css-320342 kc_text_block\"><\/p>\n<p><strong>Dr. Andr\u00e1s Zima,<br \/>\n<\/strong>Director<strong><br \/>\n<\/strong>E-mail:<a href=\"mailto:zima.andras@hdke.hu\">zima.andras@hdke.hu<\/a><\/p>\n<p><strong>\u00a0<\/strong><\/p>\n<p>\n<\/div><div class=\"kc-elm kc-css-999369 kc_text_block\"><\/p>\n<p><strong>Secretariat<\/strong><\/p>\n<p>\n<\/div><div class=\"kc-elm kc-css-603234 kc_text_block\"><\/p>\n<p>Ildik\u00f3 Fekete, <span class=\"HwtZe\" lang=\"en\"><span class=\"jCAhz ChMk0b\"><span class=\"ryNqvb\">Secretary general<\/span><\/span><\/span><br \/>\ntel: <a href=\"tel:+3614553322\">+36 1 455 3322<\/a> | fax: <a href=\"tel:+3614553329\">+36 1 455 3329<\/a><br \/>\nE-mail: <a href=\"mailto:fekete.ildiko@hdke.hu\">fekete.ildiko@hdke.hu<\/a><\/p>\n<p>\n<\/div><div class=\"kc-elm kc-css-124662\" style=\"height: 20px; clear: both; width:100%;\"><\/div><div class=\"kc-elm kc-css-181189 kc_text_block\"><\/p>\n<p>Anik\u00f3 Lipovetz, <span class=\"HwtZe\" lang=\"en\"><span class=\"jCAhz ChMk0b\"><span class=\"ryNqvb\">Secretary<\/span><\/span><\/span><br \/>\ntel: <a href=\"tel: +3614553320\">+36 1 455 3320<\/a> | fax: <a href=\"tel:+3614553329\">+36 1 455 3329<\/a><br \/>\nE-mail: <a href=\"mailto:alipovetz@hdke.hu\">alipovetz@hdke.hu<\/a><\/p>\n<p>\n<\/div><\/div><\/div><div class=\"kc-elm kc-css-785784 kc_col-sm-8 kc_column_inner kc_col-sm-8\"><div class=\"kc_wrapper kc-col-inner-container\"><\/div><\/div><\/div><div class=\"kc-elm kc-css-499637 kc_row kc_row_inner\"><div class=\"kc-elm kc-css-107888 kc_col-sm-4 kc_column_inner kc_col-sm-4\"><div class=\"kc_wrapper kc-col-inner-container\"><div class=\"kc-elm kc-css-454085 kc_text_block\"><\/p>\n<p><strong>Communication<strong><br \/>\n<\/strong><\/strong><\/p>\n<p>\n<\/div><div class=\"kc-elm kc-css-871086 kc_text_block\"><\/p>\n<p>Levente Lengyel communication officer<strong><br \/>\n<\/strong>E-mail:<a href=\"mailto:llengyel@hdke.hu\">llengyel@hdke.hu<\/a><br \/>\nphone:<a href=\"tel:+36 1 455 3327\">+36 1 455 3327<\/a><strong><br \/>\n<\/strong><\/p>\n<p>\n<\/div><div class=\"kc-elm kc-css-95357\" style=\"height: 20px; clear: both; width:100%;\"><\/div><\/div><\/div><div class=\"kc-elm kc-css-147531 kc_col-sm-8 kc_column_inner kc_col-sm-8\"><div class=\"kc_wrapper kc-col-inner-container\"><div class=\"kc-elm kc-css-19877\" style=\"height: 50px; clear: both; width:100%;\"><\/div><div class=\"kc-elm kc-css-412517 kc_text_block\"><\/p>\n<p>Bence Rajnik communication officer<br \/>\nE-mail: <a href=\"mailto:brajnik@hdke.hu\">brajnik@hdke.hu<\/a><br \/>\nphone:<a href=\"tel: +36 1 455 3327\">+36 1 455 3327<\/a><\/p>\n<p>\n<\/div><\/div><\/div><\/div><div class=\"kc-elm kc-css-744848 kc_row kc_row_inner\"><div class=\"kc-elm kc-css-616214 kc_col-sm-4 kc_column_inner kc_col-sm-4\"><div class=\"kc_wrapper kc-col-inner-container\"><div class=\"kc-elm kc-css-33101 kc_text_block\"><\/p>\n<p><strong>Research, Collection, Wall of Victims<br \/>\n<\/strong><\/p>\n<p>\n<\/div><div class=\"kc-elm kc-css-307145\" style=\"height: 8px; clear: both; width:100%;\"><\/div><div class=\"kc-elm kc-css-985989 kc_text_block\"><\/p>\n<p>Attila Jakab, historian<br \/>\nE-mail: <a href=\"mailto:enemeth@hdke.hu\">ajakab@hdke.hu<\/a><br \/>\nphone: <a href=\"tel:+3614553397\">+36 1 455 3397<\/a><\/p>\n<p>\n<\/div><div class=\"kc-elm kc-css-525754 kc_text_block\"><\/p>\n<p>Levente Olosz, historian<br \/>\nE-mail: <a href=\"mailto:biro.hajnalka@hdke.hu\">lolosz@hdke.hu<\/a><br \/>\nPhone: <a href=\"http:\/\/+3614553393\">+36 1 455 3328<\/a><\/p>\n<p>\n<\/div><div class=\"kc-elm kc-css-939484 kc_text_block\"><\/p>\n<p>N\u00f3ra Benedek, museologist, historian<br \/>\nE-mail: <a href=\"mailto:biro.hajnalka@hdke.hu\">nbenedek@hdke.hu<\/a><\/p>\n<p>\n<\/div><div class=\"kc-elm kc-css-582006 kc_text_block\"><\/p>\n<p>Ad\u00e9l Nagy, historian-museologist, names of victims responsible<br \/>\nE-mail: <a href=\"mailto:nagy.adel@hdke.hu\">nagy.adel@hdke.hu<\/a><\/p>\n<p>\n<\/div><div class=\"kc-elm kc-css-444504 kc_text_block\"><\/p>\n<p>Zsolt Beke, <span class=\"HwtZe\" lang=\"en\"><span class=\"jCAhz ChMk0b\"><span class=\"ryNqvb\">sociologist<br \/>\nE-mail: <a href=\"mailto:zsbeke@hdke.hu\">zsbeke@hdke.hu<\/a><br \/>\nPhone: <a href=\"tel:+3614553397\">+36 1 455 33 97<\/a><br \/>\n<\/span><\/span><\/span><\/p>\n<p>\n<\/div><\/div><\/div><div class=\"kc-elm kc-css-418300 kc_col-sm-8 kc_column_inner kc_col-sm-8\"><div class=\"kc_wrapper kc-col-inner-container\"><div class=\"kc-elm kc-css-3748 kc_text_block\"><\/p>\n<p>Email related to: <a href=\"mailto:gyujtemeny@hdke.hu\">Collection<\/a>, or <a href=\"mailto:nevek@hdke.hu\">Names of victims<\/a><\/p>\n<p>\n<\/div><div class=\"kc-elm kc-css-167187 kc_text_block\"><\/p>\n<p>Andr\u00e1s L\u00e9n\u00e1rt, historian<br \/>\nE-mail: <a href=\"mailto:alenart@hdke.hu\">alenart@hdke.hu<\/a><br \/>\ntel: <a href=\"http:\/\/+3614553397\">+36 1 455 3397<\/a><\/p>\n<p>\n<\/div><div class=\"kc-elm kc-css-957536 kc_text_block\"><\/p>\n<p><span style=\"font-weight: 600;\">Gl\u00e4sser Norbert,\u00a0<\/span>cultural anthropologist<span style=\"font-weight: 600;\"><br \/>\n<\/span>E-mail:\u00a0<a href=\"mailto:nglasser@hdke.hu\">nglasser@hdke.hu<\/a><span style=\"font-weight: 600;\"><br \/>\n<\/span>Phone: +36 1 455 3328<\/p>\n<p>\n<\/div><div class=\"kc-elm kc-css-672580 kc_text_block\"><\/p>\n<p>Eszter H\u00f6rcher, art historian, names of victims responsible<br \/>\nE-mail: <a href=\"mailto:horcher.eszter@hdke.hu\">horcher.eszter@hdke.hu<\/a><\/p>\n<p>\n<\/div><div class=\"kc-elm kc-css-137370 kc_text_block\"><\/p>\n<p>Hajnalka B\u00edr\u00f3, museologist, names of victims responsible<br \/>\nE-mail: <a href=\"mailto:biro.hajnalka@hdke.hu\">biro.hajnalka@hdke.hu<\/a><\/p>\n<p>\n<\/div><div class=\"kc-elm kc-css-208428 kc_text_block\"><\/p>\n<p>Istv\u00e1n P\u00e1l \u00c1d\u00e1m, historian<br \/>\nE-mail: <a href=\"mailto:iadam@hdke.hu\">iadam@hdke.hu<\/a><br \/>\nPhone: <span class=\"HwtZe\" lang=\"en\"><span class=\"jCAhz ChMk0b\"><span class=\"ryNqvb\"><a href=\"tel:+3614553397\">+36 1 455 33 97<\/a><\/span><\/span><\/span><\/p>\n<p>\n<\/div><\/div><\/div><\/div><div class=\"kc-elm kc-css-396829\" style=\"height: 20px; clear: both; width:100%;\"><\/div><div class=\"kc-elm kc-css-26380 kc_row kc_row_inner\"><div class=\"kc-elm kc-css-474662 kc_col-sm-4 kc_column_inner kc_col-sm-4\"><div class=\"kc_wrapper kc-col-inner-container\"><div class=\"kc-elm kc-css-781297 kc_text_block\"><\/p>\n<p><strong>Library<\/strong><\/p>\n<p>\n<\/div><div class=\"kc-elm kc-css-617197 kc_text_block\"><\/p>\n<p>Zsuzsa Temesi Mrs. Bittner<br \/>\n<a href=\"mailto:ecsedi.viktoria@hdke.hu\">konyvtar@hdke.hu<\/a><br \/>\ntel: <a href=\"tel:+3614553392\">+36 1 455 3392<\/a><\/p>\n<p>\n<\/div><div class=\"kc-elm kc-css-562709\" style=\"height: 20px; clear: both; width:100%;\"><\/div><\/div><\/div><div class=\"kc-elm kc-css-706116 kc_col-sm-8 kc_column_inner kc_col-sm-8\"><div class=\"kc_wrapper kc-col-inner-container\"><\/div><\/div><\/div><div class=\"kc-elm kc-css-651401 kc_row kc_row_inner\"><div class=\"kc-elm kc-css-479389 kc_col-sm-4 kc_column_inner kc_col-sm-4\"><div class=\"kc_wrapper kc-col-inner-container\"><div class=\"kc-elm kc-css-2633 kc_text_block\"><\/p>\n<p><strong>Education, Museum Pedagogy<\/strong><\/p>\n<p>\n<\/div><div class=\"kc-elm kc-css-931514 kc_text_block\"><\/p>\n<p>Goldmann M\u00e1rta<br \/>\nE-mail: <a href=\"mailto:bmolnar@hdke.hu\">mgoldmann@hdke.hu<\/a><br \/>\nphone: +36 1 455 3306<\/p>\n<p>\n<\/div><div class=\"kc-elm kc-css-190114\" style=\"height: 20px; clear: both; width:100%;\"><\/div><\/div><\/div><div class=\"kc-elm kc-css-211430 kc_col-sm-8 kc_column_inner kc_col-sm-8\"><div class=\"kc_wrapper kc-col-inner-container\"><div class=\"kc-elm kc-css-876696 kc_text_block\"><\/p>\n<p>E-mail: <a href=\"mailto:oktatas@hdke.hu\">oktatas@hdke.hu<\/a>, <a href=\"mailto:tarlatvezetes@hdke.hu\">tarlatvezetes@hdke.hu<\/a><\/p>\n<p>\n<\/div><div class=\"kc-elm kc-css-625412 kc_text_block\"><\/p>\n<p>Rachel Paetzke<br \/>\nE-mail: <a href=\"mailto:rpaetzke@hdke.hu\">rpaetzke@hdke.hu<br \/>\n<\/a>phone: +36 1 455 3324<\/p>\n<p>\n<\/div><\/div><\/div><\/div><div class=\"kc-elm kc-css-197546 kc_row kc_row_inner\"><div class=\"kc-elm kc-css-716734 kc_col-sm-6 kc_column_inner kc_col-sm-6\"><div class=\"kc_wrapper kc-col-inner-container\"><div class=\"kc-elm kc-css-542472 kc_text_block\"><\/p>\n<p><strong><span class=\"HwtZe\" lang=\"en\"><span class=\"jCAhz ChMk0b\"><span class=\"ryNqvb\">Technical Management<\/span><\/span><\/span><\/strong><br \/>\nL\u00e1szl\u00f3 Horv\u00e1th<br \/>\nE-mail: <a href=\"mailto:horvath.laszlo@hdke.hu\">horvath.laszlo@hdke.hu<\/a><br \/>\nPhone: <a href=\"http:\/\/+3614553329\">+36 1 455 3329<\/a><\/p>\n<p>\n<\/div><div class=\"kc-elm kc-css-230141 kc_text_block\"><\/p>\n<p><strong>Finances<\/strong><br \/>\nDr. \u00c1gota Kov\u00e1cs<strong><br \/>\n<\/strong>E-mail: <a href=\"mailto:kovacs.agota@hdke.hu\">kovacs.agota@hdke.hu; <\/a><a href=\"mailto:penzugy@hdke.hu\">penzugy@hdke.hu<\/a><br \/>\nPhone: <a href=\"tel:+3614553323\">+36-1 455 3323<\/a><\/p>\n<p>\n<\/div><div class=\"kc-elm kc-css-408247 kc_text_block\"><\/p>\n<p><strong>IT<\/strong><br \/>\nE-mail: <a href=\"mailto:informatika@hdke.hu\">informatika@hdke.hu<\/a><br \/>\nPhone: +36 1 455 3325<\/p>\n<p>\n<\/div><div class=\"kc-elm kc-css-122694 kc_text_block\"><\/p>\n<p><strong>Ticket office, Info Point<\/strong><br \/>\nPhone: <a href=\"tel:+3614553333\">+36 1 455 3333<\/a><\/p>\n<p>\n<\/div><div class=\"kc-elm kc-css-578606 kc_text_block\"><\/p>\n<p><strong>P\u00e1va Street <span class=\"HwtZe\" lang=\"en\"><span class=\"jCAhz ChMk0b\"><span class=\"ryNqvb\">Synagogue<\/span><\/span><\/span><\/strong><br \/>\nGy\u00f6rgy G\u00e1dor<strong>, <\/strong>chairman<br \/>\nPhone: <a href=\"tel:+3612158796\">+36 1 215 8796<\/a><\/p>\n<p>\n<\/div><div class=\"kc-elm kc-css-304909 kc_text_block\"><\/p>\n<p><strong>Security Guards<\/strong><br \/>\nPhone: <a href=\"tel:+3614553330\">+36 1 455 3330<\/a><\/p>\n<p>\n<\/div><div class=\"kc-elm kc-css-548275\" style=\"height: 20px; clear: both; width:100%;\"><\/div><\/div><\/div><div class=\"kc-elm kc-css-649030 kc_col-sm-6 kc_column_inner kc_col-sm-6\"><div class=\"kc_wrapper kc-col-inner-container\"><\/div><\/div><\/div><\/div><\/div><\/div><\/div><\/section>\n","protected":false},"excerpt":{"rendered":"","protected":false},"author":1,"featured_media":0,"parent":20337,"menu_order":0,"comment_status":"closed","ping_status":"closed","template":"","meta":{"footnotes":""},"class_list":["post-20333","page","type-page","status-publish","hentry"],"acf":[],"_links":{"self":[{"href":"https:\/\/hdke.hu\/en\/wp-json\/wp\/v2\/pages\/20333","targetHints":{"allow":["GET"]}}],"collection":[{"href":"https:\/\/hdke.hu\/en\/wp-json\/wp\/v2\/pages"}],"about":[{"href":"https:\/\/hdke.hu\/en\/wp-json\/wp\/v2\/types\/page"}],"author":[{"embeddable":true,"href":"https:\/\/hdke.hu\/en\/wp-json\/wp\/v2\/users\/1"}],"replies":[{"embeddable":true,"href":"https:\/\/hdke.hu\/en\/wp-json\/wp\/v2\/comments?post=20333"}],"version-history":[{"count":44,"href":"https:\/\/hdke.hu\/en\/wp-json\/wp\/v2\/pages\/20333\/revisions"}],"predecessor-version":[{"id":31739,"href":"https:\/\/hdke.hu\/en\/wp-json\/wp\/v2\/pages\/20333\/revisions\/31739"}],"up":[{"embeddable":true,"href":"https:\/\/hdke.hu\/en\/wp-json\/wp\/v2\/pages\/20337"}],"wp:attachment":[{"href":"https:\/\/hdke.hu\/en\/wp-json\/wp\/v2\/media?parent=20333"}],"curies":[{"name":"wp","href":"https:\/\/api.w.org\/{rel}","templated":true}]}}