{"id":20334,"date":"2016-01-14T00:00:00","date_gmt":"2016-01-13T23:00:00","guid":{"rendered":"http:\/\/new.hdke.hu\/imprint\/"},"modified":"2016-01-14T00:00:00","modified_gmt":"2016-01-13T23:00:00","slug":"imprint","status":"publish","type":"page","link":"https:\/\/hdke.hu\/en\/imprint\/","title":{"rendered":"Imprint"},"content":{"rendered":"<p>Owner of the domain name:<\/p>\n<p><strong>Holocaust Public Foundation<\/strong><\/p>\n<p>Publisher in charge:<\/p>\n<p><strong>Prof. Dr. Szita Szabolcs DSc., <\/strong>Acting Director<\/p>\n<p>Chief Editor:<\/p>\n<p><strong>Zsuzsanna T\u00f6r\u00f6k<\/strong>, Head of Communication<\/p>\n<p>Graphics by <strong>Activium<\/strong><\/p>\n<p>Web Developer: <strong>5Net<\/strong><\/p>\n<p>Webmaster: <strong>P\u00e9ter V\u00e1g\u00fajhelyi <\/strong><\/p>\n<p>Editorial e-mail address:<\/p>\n<p><a href=\"mailto:communicatio@hdke.hu\">communicatio@hdke.hu<\/a><\/p>\n<p>&nbsp;<\/p>\n<p><strong>Privacy and legal notice<\/strong><\/p>\n<p>At editing its homepage, the Holocaust Public Foundation treats data collected from users with confidentially, in compliance with current legislation.<\/p>\n","protected":false},"excerpt":{"rendered":"<p>Owner of the domain name: Holocaust Public Foundation Publisher in charge: Prof. Dr. Szita Szabolcs DSc., Acting Director Chief Editor: Zsuzsanna T\u00f6r\u00f6k, Head of Communication Graphics by Activium Web Developer: 5Net Webmaster: P\u00e9ter V\u00e1g\u00fajhelyi Editorial e-mail address: communicatio@hdke.hu &nbsp; Privacy and legal notice At editing its homepage, the Holocaust Public Foundation treats data collected from<\/p>\n","protected":false},"author":1,"featured_media":0,"parent":0,"menu_order":0,"comment_status":"closed","ping_status":"closed","template":"","meta":{"footnotes":""},"class_list":["post-20334","page","type-page","status-publish","hentry"],"acf":[],"_links":{"self":[{"href":"https:\/\/hdke.hu\/en\/wp-json\/wp\/v2\/pages\/20334","targetHints":{"allow":["GET"]}}],"collection":[{"href":"https:\/\/hdke.hu\/en\/wp-json\/wp\/v2\/pages"}],"about":[{"href":"https:\/\/hdke.hu\/en\/wp-json\/wp\/v2\/types\/page"}],"author":[{"embeddable":true,"href":"https:\/\/hdke.hu\/en\/wp-json\/wp\/v2\/users\/1"}],"replies":[{"embeddable":true,"href":"https:\/\/hdke.hu\/en\/wp-json\/wp\/v2\/comments?post=20334"}],"version-history":[{"count":0,"href":"https:\/\/hdke.hu\/en\/wp-json\/wp\/v2\/pages\/20334\/revisions"}],"wp:attachment":[{"href":"https:\/\/hdke.hu\/en\/wp-json\/wp\/v2\/media?parent=20334"}],"curies":[{"name":"wp","href":"https:\/\/api.w.org\/{rel}","templated":true}]}}