{"id":20336,"date":"2012-06-21T00:00:00","date_gmt":"2012-06-20T22:00:00","guid":{"rendered":"http:\/\/new.hdke.hu\/building\/"},"modified":"2023-02-13T15:09:46","modified_gmt":"2023-02-13T14:09:46","slug":"building","status":"publish","type":"page","link":"https:\/\/hdke.hu\/en\/about-us\/building\/","title":{"rendered":"Building"},"content":{"rendered":"<section class=\"kc-elm kc-css-268797 kc_row\"><div class=\"kc-row-container  kc-container\"><div class=\"kc-wrap-columns\"><div class=\"kc-elm kc-css-976986 kc_col-sm-12 kc_column kc_col-sm-12\"><div class=\"kc-col-container\"><div class=\"kc-elm kc-css-479597 kc_text_block\"><\/p>\n<p><em><strong>Architects of the building complex:<\/strong><\/em><\/p>\n<p><strong>Istv\u00e1n M\u00e1nyi<\/strong>, Ybl award winning architect;<br \/>\n<strong>Attila G\u00e1ti<\/strong>, architect;<br \/>\n<strong>Szenes Istv\u00e1n<\/strong>, Ybl award winning interior designer;<br \/>\n<strong>Gergely L\u00e1szl\u00f3<\/strong> interior designer;<br \/>\n<strong>P\u00e9ter T\u00f6r\u00f6k<\/strong>, landscape architect;<\/p>\n<p>The building received an award for construction in 2005 and an award for real estate development in 2006.<\/p>\n<p>\u201cToward the street an archway, separated by a stone wall, has been erected, communicating outward protection, and inward underlining the eternity of the Memorial Wall. The emphasis is on evoking the silence.<\/p>\n<p>In the mental power field that has shaped the building we examined analogies from the nature. In the power-struggle of tensioning blocks, the horizontal is not horizontal, neither the vertical, and perhaps even the gravity is suspended. The symbols of architecture suggest that everything here is beyond the normality, as the Holocaust itself is unexplainable within human history. The glass hall of the entrance leading to the permanent exhibition is also supported by tilted pillars. The inspiration from the nature came from Tuscany, where a line of pine trees took the same tilted form under the pressure of the permanent sea storms. I see the murdered as a symbol of thousands of years of constant struggle for survival, endurance, and wished to generate the same image to the visitors.<\/p>\n<p>The roof garden also bears a symbolic significance, hovering as a vision above the horrors, seeking to connect to life. In the multitude of meaning of gardens, it is a memorial garden, addressing everybody\u2019s better ego. \u201c<\/p>\n<p dir=\"rtl\"><em>Architect Istv\u00e1n M\u00e1nyi<br \/>\n<\/em><\/p>\n<p>\n<\/div><div class=\"kc-elm kc-css-579118\" style=\"height: 20px; clear: both; width:100%;\"><\/div><div class=\"kc-elm kc-css-533614 kc_shortcode kc_single_image\">\n\n        <img decoding=\"async\" src=\"https:\/\/hdke.hu\/wp-content\/uploads\/2023\/02\/dsc-0284.jpg\" class=\"\" alt=\"\" \/>    <\/div>\n<div class=\"kc-elm kc-css-773579\" style=\"height: 20px; clear: both; width:100%;\"><\/div><\/div><\/div><\/div><\/div><\/section>\n<h3>Gal\u00e9ri\u00e1k<\/h3>\n<table>\n    <tr>\n        <th>N\u00e9v<\/th>\n    <\/tr>\n\t        <tr>\n            <td>\n                <a href=\"https:\/\/hdke.hu\/en\/galeria\/epuletfotok-nappal\/\">\n\t\t\t\t\t\u00c9p\u00fcletfot\u00f3k nappal                <\/a>\n            <\/td>\n        <\/tr>\n\t<\/table>\n","protected":false},"excerpt":{"rendered":"<p>Gal\u00e9ri\u00e1k N\u00e9v \u00c9p\u00fcletfot\u00f3k nappal<\/p>\n","protected":false},"author":1,"featured_media":8330,"parent":20337,"menu_order":0,"comment_status":"closed","ping_status":"closed","template":"","meta":{"footnotes":""},"class_list":["post-20336","page","type-page","status-publish","has-post-thumbnail","hentry"],"acf":[],"_links":{"self":[{"href":"https:\/\/hdke.hu\/en\/wp-json\/wp\/v2\/pages\/20336","targetHints":{"allow":["GET"]}}],"collection":[{"href":"https:\/\/hdke.hu\/en\/wp-json\/wp\/v2\/pages"}],"about":[{"href":"https:\/\/hdke.hu\/en\/wp-json\/wp\/v2\/types\/page"}],"author":[{"embeddable":true,"href":"https:\/\/hdke.hu\/en\/wp-json\/wp\/v2\/users\/1"}],"replies":[{"embeddable":true,"href":"https:\/\/hdke.hu\/en\/wp-json\/wp\/v2\/comments?post=20336"}],"version-history":[{"count":6,"href":"https:\/\/hdke.hu\/en\/wp-json\/wp\/v2\/pages\/20336\/revisions"}],"predecessor-version":[{"id":22983,"href":"https:\/\/hdke.hu\/en\/wp-json\/wp\/v2\/pages\/20336\/revisions\/22983"}],"up":[{"embeddable":true,"href":"https:\/\/hdke.hu\/en\/wp-json\/wp\/v2\/pages\/20337"}],"wp:featuredmedia":[{"embeddable":true,"href":"https:\/\/hdke.hu\/en\/wp-json\/wp\/v2\/media\/8330"}],"wp:attachment":[{"href":"https:\/\/hdke.hu\/en\/wp-json\/wp\/v2\/media?parent=20336"}],"curies":[{"name":"wp","href":"https:\/\/api.w.org\/{rel}","templated":true}]}}