{"id":20343,"date":"2015-07-20T00:00:00","date_gmt":"2015-07-19T22:00:00","guid":{"rendered":"http:\/\/new.hdke.hu\/partners-sponsors\/"},"modified":"2025-10-31T10:46:11","modified_gmt":"2025-10-31T09:46:11","slug":"partners-sponsors","status":"publish","type":"page","link":"https:\/\/hdke.hu\/en\/partners-sponsors\/","title":{"rendered":"Partners, Sponsors"},"content":{"rendered":"<section class=\"kc-elm kc-css-310169 kc_row\"><div class=\"kc-row-container  kc-container\"><div class=\"kc-wrap-columns\"><div class=\"kc-elm kc-css-450266 kc_col-sm-12 kc_column kc_col-sm-12\"><div class=\"kc-col-container\"><div class=\"kc-elm kc_text_block\"><\/p>\n<p><strong>PARTNERS:<\/strong><\/p>\n<p>Yad Vashem, the World Holocaust Remembrance Center<\/p>\n<p>The Federation of Hungarian Jewish Communities (MAZSIHISZ)<\/p>\n<p>Jewish Theological Seminary \u2013 University of Jewish Studies<\/p>\n<p>The Hungarian Jewish Heritage Public Foundation (MAZS\u00d6K)<\/p>\n<p>Breuerpress International<\/p>\n<p>Ludovika University of Public Service<\/p>\n<p>Yad Vashem \u2013 The World Holocaust Remembrance Center<\/p>\n<p>National Association of Victims of Nazism (N\u00dcB)<\/p>\n<p>Kort\u00e1rsPRos Ltd., Budapest<\/p>\n<p>Archives of Gy\u0151r City with County Rights<\/p>\n<p>Lauder Javne, Jewish Community School, Kindergarten, and Music School<\/p>\n<p>Budapest Brand Nonprofit Private Limited Company<\/p>\n<p>Hungarian Openair Museum (szentendrei Skanzen)<\/p>\n<p>Municipality of Budapest, 9th District \u2013 Ferencv\u00e1ros<\/p>\n<p>Jewish Roots in Gy\u0151r Foundation<\/p>\n<p>Ministry of Defence Military History Institute and Museum<\/p>\n<p>E\u00f6tv\u00f6s Lor\u00e1nd University (ELTE)<\/p>\n<p>Budapest 9th District \u2013 Ferencv\u00e1ros<\/p>\n<p>Faculty of Humanities and Social Sciences, University of Szeged<\/p>\n<p>B\u00e1lint House, Judafest<\/p>\n<p>R\u00f3mer Fl\u00f3ris Museum of Art and Historical Museum<\/p>\n<p>The convoi 77 project<\/p>\n<p>Shamir Association \u2013 Riga Ghetto and Latvia Holocaust Museum<\/p>\n<p>K\u00e1rolyi Mih\u00e1ly Hungarian\u2013Spanish Bilingual Secondary School of Kispest<\/p>\n<p>Institute of Advanced Studies (K\u0151szeg)<\/p>\n<p>Hungarian Jewish Museum and Archives<\/p>\n<p>\n<\/div><\/div><\/div><\/div><\/div><\/section>\n","protected":false},"excerpt":{"rendered":"","protected":false},"author":1,"featured_media":0,"parent":0,"menu_order":0,"comment_status":"closed","ping_status":"closed","template":"","meta":{"footnotes":""},"class_list":["post-20343","page","type-page","status-publish","hentry"],"acf":[],"_links":{"self":[{"href":"https:\/\/hdke.hu\/en\/wp-json\/wp\/v2\/pages\/20343","targetHints":{"allow":["GET"]}}],"collection":[{"href":"https:\/\/hdke.hu\/en\/wp-json\/wp\/v2\/pages"}],"about":[{"href":"https:\/\/hdke.hu\/en\/wp-json\/wp\/v2\/types\/page"}],"author":[{"embeddable":true,"href":"https:\/\/hdke.hu\/en\/wp-json\/wp\/v2\/users\/1"}],"replies":[{"embeddable":true,"href":"https:\/\/hdke.hu\/en\/wp-json\/wp\/v2\/comments?post=20343"}],"version-history":[{"count":1,"href":"https:\/\/hdke.hu\/en\/wp-json\/wp\/v2\/pages\/20343\/revisions"}],"predecessor-version":[{"id":35270,"href":"https:\/\/hdke.hu\/en\/wp-json\/wp\/v2\/pages\/20343\/revisions\/35270"}],"wp:attachment":[{"href":"https:\/\/hdke.hu\/en\/wp-json\/wp\/v2\/media?parent=20343"}],"curies":[{"name":"wp","href":"https:\/\/api.w.org\/{rel}","templated":true}]}}