{"id":20358,"date":"2012-06-21T00:00:00","date_gmt":"2012-06-20T22:00:00","guid":{"rendered":"http:\/\/new.hdke.hu\/exhibition-hall\/"},"modified":"2023-02-14T10:49:05","modified_gmt":"2023-02-14T09:49:05","slug":"exhibition-hall","status":"publish","type":"page","link":"https:\/\/hdke.hu\/en\/about-us\/building\/exhibition-hall\/","title":{"rendered":"Exhibition Hall"},"content":{"rendered":"<p><section class=\"kc-elm kc-css-567834 kc_row\"><div class=\"kc-row-container  kc-container\"><div class=\"kc-wrap-columns\"><div class=\"kc-elm kc-css-100920 kc_col-sm-12 kc_column kc_col-sm-12\"><div class=\"kc-col-container\"><div class=\"kc-elm kc-css-508683 kc_shortcode kc_single_image\">\n\n        <img decoding=\"async\" src=\"https:\/\/hdke.hu\/wp-content\/uploads\/2023\/02\/a.jpg\" class=\"\" alt=\"\" \/>    <\/div>\n<div class=\"kc-elm kc-css-985789\" style=\"height: 20px; clear: both; width:100%;\"><\/div><div class=\"kc-elm kc_text_block\"><\/p>\n<p>The permanent exhibition of the Holocaust Memorial Center, \u201cFrom Deprivation of Rights to Genocide\u201d is displayed on some 1500 sq. meters in the exhibition halls situated in the basement of the building.<\/p>\n<p>For the periodic exhibitions the space of the refurbished synagogue, particularly its gallery is used.<\/p>\n<p>Architect Istv\u00e1n M\u00e1nyi placed the exhibition on the Holocaust Hungary in underground rooms, signaling that the displayed history represent a dark chapter of the human morality and ethics. The interior architectural elements (the sloped floor, division of space by columns) reemphasize this message, guiding the visitor into the developments, hinting that the events, once put on a historical slope led to the nadir, the genocide.<\/p>\n<p><em>\u201cThe design of the permanent exhibition was not our task, but we have created its mental and physical frame, because without it, the whole building can\u2019t be interpreted. <\/em><\/p>\n<p><em>We have imagined the topic, where in a space defined by slopes, tilted columns and twisted ceilings, the story starts from the first Jewish Act, the numerous clauses , and through concentrations and deportations, it narrows to the Holocaust itself.<\/em><\/p>\n<p><em>From this spot, through the ascending stairs, one can already spot the reconstructed Torah ark. Walking upstairs, the space opens, the space of the reconstructed church, the space of remembrance, of respite. Catharsis.\u201d<\/em><\/p>\n<p class=\"rteright\">Architect Istv\u00e1n M\u00e1nyi<\/p>\n<p>\n<\/div><\/div><\/div><\/div><\/div><\/section><section class=\"kc-elm kc_row\"><div class=\"kc-row-container  kc-container\"><div class=\"kc-wrap-columns\"><div class=\"kc-elm kc-css-254872 kc_col-sm-12 kc_column kc_col-sm-12\"><div class=\"kc-col-container\"><\/div><\/div><\/div><\/div><\/section><section class=\"kc-elm kc_row\"><div class=\"kc-row-container  kc-container\"><div class=\"kc-wrap-columns\"><div class=\"kc-elm kc-css-317777 kc_col-sm-12 kc_column kc_col-sm-12\"><div class=\"kc-col-container\"><\/div><\/div><\/div><\/div><\/section><\/p>\n<h3>Gal\u00e9ri\u00e1k<\/h3>\n<table>\n    <tr>\n        <th>N\u00e9v<\/th>\n    <\/tr>\n\t        <tr>\n            <td>\n                <a href=\"https:\/\/hdke.hu\/en\/galeria\/allando-kiallitas\/\">\n\t\t\t\t\t\u00c1lland\u00f3 ki\u00e1ll\u00edt\u00e1s                <\/a>\n            <\/td>\n        <\/tr>\n\t<\/table>\n","protected":false},"excerpt":{"rendered":"<p>Gal\u00e9ri\u00e1k N\u00e9v \u00c1lland\u00f3 ki\u00e1ll\u00edt\u00e1s<\/p>\n","protected":false},"author":1,"featured_media":8414,"parent":20336,"menu_order":0,"comment_status":"closed","ping_status":"closed","template":"","meta":{"footnotes":""},"class_list":["post-20358","page","type-page","status-publish","has-post-thumbnail","hentry"],"acf":[],"_links":{"self":[{"href":"https:\/\/hdke.hu\/en\/wp-json\/wp\/v2\/pages\/20358","targetHints":{"allow":["GET"]}}],"collection":[{"href":"https:\/\/hdke.hu\/en\/wp-json\/wp\/v2\/pages"}],"about":[{"href":"https:\/\/hdke.hu\/en\/wp-json\/wp\/v2\/types\/page"}],"author":[{"embeddable":true,"href":"https:\/\/hdke.hu\/en\/wp-json\/wp\/v2\/users\/1"}],"replies":[{"embeddable":true,"href":"https:\/\/hdke.hu\/en\/wp-json\/wp\/v2\/comments?post=20358"}],"version-history":[{"count":2,"href":"https:\/\/hdke.hu\/en\/wp-json\/wp\/v2\/pages\/20358\/revisions"}],"predecessor-version":[{"id":22990,"href":"https:\/\/hdke.hu\/en\/wp-json\/wp\/v2\/pages\/20358\/revisions\/22990"}],"up":[{"embeddable":true,"href":"https:\/\/hdke.hu\/en\/wp-json\/wp\/v2\/pages\/20336"}],"wp:featuredmedia":[{"embeddable":true,"href":"https:\/\/hdke.hu\/en\/wp-json\/wp\/v2\/media\/8414"}],"wp:attachment":[{"href":"https:\/\/hdke.hu\/en\/wp-json\/wp\/v2\/media?parent=20358"}],"curies":[{"name":"wp","href":"https:\/\/api.w.org\/{rel}","templated":true}]}}