{"id":20359,"date":"2012-06-30T00:00:00","date_gmt":"2012-06-29T22:00:00","guid":{"rendered":"http:\/\/new.hdke.hu\/synagogue\/"},"modified":"2023-02-14T13:30:17","modified_gmt":"2023-02-14T12:30:17","slug":"synagogue","status":"publish","type":"page","link":"https:\/\/hdke.hu\/en\/about-us\/building\/synagogue\/","title":{"rendered":"Synagogue"},"content":{"rendered":"<section class=\"kc-elm kc-css-448180 kc_row\"><div class=\"kc-row-container  kc-container\"><div class=\"kc-wrap-columns\"><div class=\"kc-elm kc-css-565842 kc_col-sm-12 kc_column kc_col-sm-12\"><div class=\"kc-col-container\"><div class=\"kc-elm kc-css-757585 kc_shortcode kc_single_image\">\n\n        <img decoding=\"async\" src=\"https:\/\/hdke.hu\/wp-content\/uploads\/2023\/02\/zsinagoga.jpg\" class=\"\" alt=\"\" \/>    <\/div>\n<div class=\"kc-elm kc-css-295128\" style=\"height: 20px; clear: both; width:100%;\"><\/div><div class=\"kc-elm kc_text_block\"><\/p>\n<p>Since the opening of the Holocaust Memorial Center, the Synagogue is a venue for cultural events, conferences and periodic exhibitions.<\/p>\n<p>It has been designed, displaying elements of then fashionable eclecticism, by the most productive architect of synagogues at the turn of the 19<sup>th<\/sup> and 20<sup>th<\/sup> centuries, Lip\u00f3t (Leopold) Baumhorn. The land for the construction was donated by industrialist G\u00e9za Belatini Braun. \u00a0The construction works started only in 1923 and the building, erected from donations, was consecrated on January 6 1924.<\/p>\n<p>It was functioning as a facility for worship until 1944. In 1944-45 it was used as an internment camp and following 1945 it hosted occasionally religious ceremonies. In parts of the building a kosher kitchen and a seniors club functioned. In the main building, under the women\u2019s gallery, the Hasomer Hacair and Kidma Jewish youth organizations were situated after 1990. By this time, the Synagogue was in dilapidated condition.<\/p>\n<p>In 1999, the Federation of Jewish Communities in Hungary offered the building for the purposes of the Holocaust Documentation Center and Memorial Collection Public Foundation. The restoration of the historic monument stared in 2003.<\/p>\n<p>Based on a photo from the 1930s, 800 sq meters of decorative painting, 760 meters of metallic gold paint and 800 meters of plaster stucco have been reconstructed. The walls have been reinforced and modern thermal insulation has been applied.<\/p>\n<p>At the ground floor, glass benches with portraits and names symbolize the members of the destroyed Jewish communities.<\/p>\n<p><em>\u201cA painful majority of the victims of the Holocaust were our compatriots of Jewish fate. Therefore, an empty Synagogue, a void, a space with lost sacrality can be an authentic, universal and national venue of remembrance.\u201d<\/em><\/p>\n<p dir=\"rtl\"><em>Architect Istv\u00e1n M\u00e1nyi<\/em><\/p>\n<p>\n<\/div><\/div><\/div><\/div><\/div><\/section>\n<h3>Gal\u00e9ri\u00e1k<\/h3>\n<table>\n    <tr>\n        <th>N\u00e9v<\/th>\n    <\/tr>\n\t        <tr>\n            <td>\n                <a href=\"https:\/\/hdke.hu\/en\/galeria\/pava-utcai-zsinagoga-ma\/\">\n\t\t\t\t\tP\u00e1va utcai zsinag\u00f3ga &#8211; ma                <\/a>\n            <\/td>\n        <\/tr>\n\t        <tr>\n            <td>\n                <a href=\"https:\/\/hdke.hu\/en\/galeria\/pava-utcai-zsinagoga-2002-ben\/\">\n\t\t\t\t\tP\u00e1va utcai zsinag\u00f3ga 2002-ben                <\/a>\n            <\/td>\n        <\/tr>\n\t        <tr>\n            <td>\n                <a href=\"https:\/\/hdke.hu\/en\/galeria\/pava-utcai-zsinagoga-1945-ig\/\">\n\t\t\t\t\tP\u00e1va utcai zsinag\u00f3ga 1945-ig                <\/a>\n            <\/td>\n        <\/tr>\n\t<\/table>\n","protected":false},"excerpt":{"rendered":"<p>Gal\u00e9ri\u00e1k N\u00e9v P\u00e1va utcai zsinag\u00f3ga &#8211; ma P\u00e1va utcai zsinag\u00f3ga 2002-ben P\u00e1va utcai zsinag\u00f3ga 1945-ig<\/p>\n","protected":false},"author":1,"featured_media":0,"parent":20336,"menu_order":0,"comment_status":"closed","ping_status":"closed","template":"","meta":{"footnotes":""},"class_list":["post-20359","page","type-page","status-publish","hentry"],"acf":[],"_links":{"self":[{"href":"https:\/\/hdke.hu\/en\/wp-json\/wp\/v2\/pages\/20359","targetHints":{"allow":["GET"]}}],"collection":[{"href":"https:\/\/hdke.hu\/en\/wp-json\/wp\/v2\/pages"}],"about":[{"href":"https:\/\/hdke.hu\/en\/wp-json\/wp\/v2\/types\/page"}],"author":[{"embeddable":true,"href":"https:\/\/hdke.hu\/en\/wp-json\/wp\/v2\/users\/1"}],"replies":[{"embeddable":true,"href":"https:\/\/hdke.hu\/en\/wp-json\/wp\/v2\/comments?post=20359"}],"version-history":[{"count":2,"href":"https:\/\/hdke.hu\/en\/wp-json\/wp\/v2\/pages\/20359\/revisions"}],"predecessor-version":[{"id":22999,"href":"https:\/\/hdke.hu\/en\/wp-json\/wp\/v2\/pages\/20359\/revisions\/22999"}],"up":[{"embeddable":true,"href":"https:\/\/hdke.hu\/en\/wp-json\/wp\/v2\/pages\/20336"}],"wp:attachment":[{"href":"https:\/\/hdke.hu\/en\/wp-json\/wp\/v2\/media?parent=20359"}],"curies":[{"name":"wp","href":"https:\/\/api.w.org\/{rel}","templated":true}]}}