{"id":20371,"date":"2014-10-16T00:00:00","date_gmt":"2014-10-15T22:00:00","guid":{"rendered":"http:\/\/new.hdke.hu\/data-and-facts\/"},"modified":"2023-02-13T14:52:22","modified_gmt":"2023-02-13T13:52:22","slug":"data-and-facts","status":"publish","type":"page","link":"https:\/\/hdke.hu\/en\/about-us\/data-and-facts\/","title":{"rendered":"Data and Facts"},"content":{"rendered":"<section class=\"kc-elm kc-css-553323 kc_row\"><div class=\"kc-row-container  kc-container\"><div class=\"kc-wrap-columns\"><div class=\"kc-elm kc-css-497490 kc_col-sm-12 kc_column kc_col-sm-12\"><div class=\"kc-col-container\"><div class=\"kc-elm kc-css-868751 kc_shortcode kc_single_image\">\n\n        <img decoding=\"async\" src=\"https:\/\/hdke.hu\/wp-content\/uploads\/2023\/02\/dsc-1444.jpg\" class=\"\" alt=\"\" \/>    <\/div>\n<div class=\"kc-elm kc-css-701532\" style=\"height: 20px; clear: both; width:100%;\"><\/div><div class=\"kc-elm kc_text_block\"><\/p>\n<p>Beside the Holocaust Memorial Center in Budapest, there are only six institutions in the world established by states dealing with the Holocaust: the Auschwitz-Birkenau State Museum, the Yad Vashem in Jerusalem, the United States Holocaust Memorial Museum in Washington, the M\u00e9morial de la Shoah in Paris, the House of the Wannsee Conference in Berlin and the Imperial War Museum in London.<\/p>\n<p>The Holocaust Memorial Center has been established as a public foundation in <strong>1999<\/strong>. In <strong>2002<\/strong>, the government decided to construct the museum in Pava Street, outside of the traditional Jewish quarter, emphasizing its character as a national site for remembrance.<\/p>\n<p>On <strong>December 16 2002<\/strong>, the foundation stone was laid and the restoration works of the dilapidated Synagogue started.<\/p>\n<p>On <strong>April 16 2004<\/strong>, the Holocaust Memorial Center was officially opened by staging its first exhibition, the Holocaust Album.<\/p>\n<p>Since <strong>February 21 2006<\/strong>, the permanent exhibition \u201cFrom Deprivation of Rights to Genocide\u201d is displayed, explaining the history of Holocaust in Hungary to visitors.<\/p>\n<p>The Synagogue in Pava Street used to be the second largest Synagogue in Budapest. Its rabbi himself became the victim of the Holocaust.<\/p>\n<p>The six pillars in the courtyard of the building symbolize the six millions of victims of the Holocaust in Hungary, among them the more than 500,000 Hungarian fatalities.<\/p>\n<p>On the 8 meters high Memorial Wall, names of more than 150,000 identified victims are engraved by laser into glass.<\/p>\n<p>On the Tower of Lost Communities, names of 1441 settlements where the Jewish community was annihilated are displayed. The names are engraved according to the toponymic dictionary from 1941. The twelve special glass panes were designed by graphic artist L\u00e1szl\u00f3 Zs\u00f3t\u00e9r and decorate the Tower since <strong>April 16 2007<\/strong>.<\/p>\n<p>\n<\/div><\/div><\/div><\/div><\/div><\/section>\n<h3>Csatolm\u00e1nyok<\/h3>\n<table>\n    <tr>\n        <th>N\u00e9v<\/th>\n        <th>M\u00e9ret<\/th>\n    <\/tr>\n\t        <tr>\n            <td>\n                <a href=\"https:\/\/hdke.hu\/wp-content\/uploads\/2021\/10\/Mythified-Remembrance.pdf\">\n\t\t\t\t\tMythified-Remembrance.pdf                <\/a>\n            <\/td>\n            <td>348 KB<\/td>\n        <\/tr>\n\t<\/table>\n","protected":false},"excerpt":{"rendered":"<p>Csatolm\u00e1nyok N\u00e9v M\u00e9ret Mythified-Remembrance.pdf 348 KB<\/p>\n","protected":false},"author":1,"featured_media":0,"parent":20337,"menu_order":0,"comment_status":"closed","ping_status":"closed","template":"","meta":{"footnotes":""},"class_list":["post-20371","page","type-page","status-publish","hentry"],"acf":[],"_links":{"self":[{"href":"https:\/\/hdke.hu\/en\/wp-json\/wp\/v2\/pages\/20371","targetHints":{"allow":["GET"]}}],"collection":[{"href":"https:\/\/hdke.hu\/en\/wp-json\/wp\/v2\/pages"}],"about":[{"href":"https:\/\/hdke.hu\/en\/wp-json\/wp\/v2\/types\/page"}],"author":[{"embeddable":true,"href":"https:\/\/hdke.hu\/en\/wp-json\/wp\/v2\/users\/1"}],"replies":[{"embeddable":true,"href":"https:\/\/hdke.hu\/en\/wp-json\/wp\/v2\/comments?post=20371"}],"version-history":[{"count":1,"href":"https:\/\/hdke.hu\/en\/wp-json\/wp\/v2\/pages\/20371\/revisions"}],"predecessor-version":[{"id":22973,"href":"https:\/\/hdke.hu\/en\/wp-json\/wp\/v2\/pages\/20371\/revisions\/22973"}],"up":[{"embeddable":true,"href":"https:\/\/hdke.hu\/en\/wp-json\/wp\/v2\/pages\/20337"}],"wp:attachment":[{"href":"https:\/\/hdke.hu\/en\/wp-json\/wp\/v2\/media?parent=20371"}],"curies":[{"name":"wp","href":"https:\/\/api.w.org\/{rel}","templated":true}]}}