{"id":20374,"date":"2013-03-26T00:00:00","date_gmt":"2013-03-25T23:00:00","guid":{"rendered":"http:\/\/new.hdke.hu\/project-support\/"},"modified":"2013-03-26T00:00:00","modified_gmt":"2013-03-25T23:00:00","slug":"project-support","status":"publish","type":"page","link":"https:\/\/hdke.hu\/en\/project-support\/","title":{"rendered":"Project support"},"content":{"rendered":"<p>A Holokauszt Eml\u00e9kk\u00f6zpont az al\u00e1bbi programokhoz v\u00e1rja az \u00d6n t\u00e1mogat\u00e1s\u00e1t:<\/p>\n<p><\/p>\n<p>\t<strong>Tematikus ny\u00e1ri t\u00e1bor<\/strong><\/p>\n<p>\tAz elm\u00falt hat \u00e9vben a holokauszt helysz\u00edneit kutat\u00f3 \u00e9s bemutat\u00f3 ny\u00e1ri programot szervezt\u00fcnk. Az egyhetes t\u00e1borba&nbsp; di\u00e1kok \u00e9s tan\u00e1rok is jelentkezhettek. Az elm\u00falt \u00e9vekben j\u00e1rtunk budapesti, vid\u00e9ki \u00e9s hat\u00e1ron t\u00fali helysz\u00edneken is. Id\u00e9n filmeken kereszt\u00fcl dolgozzuk fel a holokauszt t\u00e9m\u00e1j\u00e1t, annak a mai \u00e9let\u00fcnkre is hat\u00e1ssal b\u00edr\u00f3 \u00fczenet\u00e9t.<\/p>\n<p>\tA tematikus programmal c\u00e9lunk, hogy a r\u00e9sztvev\u0151k m\u00e9lyebben megismerj\u00e9k a magyar \u00e9s eur\u00f3pai t\u00f6rt\u00e9nelemnek ezt a tragikus r\u00e9sz\u00e9t, hogy szembes\u00fcljenek azzal, hogy a holokauszt olyan emberekkel t\u00f6rt\u00e9nt meg \u00e9s olyan emberek \u00e1ltal, mint mi magunk. K\u00edv\u00e1njuk, hogy a tan\u00e1rokban \u00e9s di\u00e1kokban kialak\u00edtsuk a m\u00e1s kult\u00far\u00e1k, k\u00f6z\u00f6ss\u00e9gek megismer\u00e9s\u00e9nek ig\u00e9ny\u00e9t. A holokauszt alatt t\u00f6rt\u00e9ntek elmond\u00e1s\u00e1val, bemutat\u00e1s\u00e1val pedig az antiszemitizmus \u00e9s rasszizmus elleni szeretn\u00e9nk felv\u00e9rtezni a fiatalokat.<\/p>\n<p>\t<a href=\"http:\/\/hdke.hu\/oktatas\/diakoknak\/tabor\/ne-csak-nezz-nyari-tematikus-taborunk-felhivasa\">A t\u00e1borr\u00f3l b\u0151vebben&gt;&gt;<\/a><\/p>\n<p>\t<a href=\"..\/..\/tamogatas\/adomanyozas\">Adom\u00e1nyoz\u00f3lev\u00e9l&gt;&gt;<\/a><\/p>\n<p>\t&nbsp;<\/p>\n<hr \/>\n<p><\/p>\n<p>\t<strong>Eml\u00e9kk\u00f6nyv<\/strong><\/p>\n<p><\/p>\n<p>\tEml\u00e9kk\u00f6nyv\u00fcnkben szakm\u00e1nk\u00e9nt, \u00e1gazatonk\u00e9nt gy\u0171jtj\u00fck \u00f6ssze a V\u00e9szkorszakban elpuszt\u00edtottak \u00e9letrajzait, akiknek \u00e9let\u00e9r\u0151l sokan m\u00e1r megfeledkeztek. J\u00f3 f\u00e9l \u00e9vsz\u00e1zaddal a holokauszt ut\u00e1n ezzel is szeretn\u00e9nk \u00e9rz\u00e9keltetni, hogy a trag\u00e9dia a t\u00f6bb sz\u00e1zezer ember\u00e9leten t\u00fal milyen jelent\u0151s tudom\u00e1nyos, m\u0171v\u00e9szi, alkot\u00f3i eredm\u00e9nyekt\u0151l fosztott meg minket.<\/p>\n<p>\tAz elm\u00falt \u00e9vtizedekben nem sz\u00fclettek teljess\u00e9gre t\u00f6rekv\u0151 \u00f6sszefoglal\u00f3 munk\u00e1k az egyes \u00e1gazatok vesztes\u00e9geir\u0151l, rendk\u00edv\u00fcl neh\u00e9z feladat az \u00e1ldozatok \u00e9let\u00e9nek dokument\u00e1l\u00e1sa. A k\u00fcl\u00f6nb\u00f6z\u0151 forr\u00e1sok \u00e9letrajzi adataikr\u00f3l, munk\u00e1ss\u00e1gukr\u00f3l, hal\u00e1luk k\u00f6r\u00fclm\u00e9nyeir\u0151l elt\u00e9r\u0151en sz\u00e1molnak be, sok esetben nem is szerepelnek semmilyen nyomtatott forr\u00e1sban. Ez azonban nem lehet ok arra, hogy az \u00f6sszegy\u0171jthet\u0151 \u00e9letrajzok feled\u00e9sbe mer\u00fcljenek. Adatb\u00e1zisunk fejleszt\u00e9s\u00e9hez v\u00e1rjuk t\u00e1mogat\u00e1sukat!<\/p>\n<p>\t<a href=\"http:\/\/hdke.hu\/emlekezes\/emlekkonyv\">Az eml\u00e9kk\u00f6nyvr\u0151l b\u0151vebben&gt;&gt;<\/a><\/p>\n<p>\t<a href=\"..\/..\/tamogatas\/adomanyozas\">Adom\u00e1nyoz\u00f3lev\u00e9l&gt;&gt;<\/a><\/p>\n<p>\t&nbsp;<\/p>\n<hr \/>\n<p><\/p>\n<p>\t<strong>Brundib\u00e1r gyermekopera el\u0151ad\u00e1sai<\/strong><\/p>\n<p>\t2009. december\u00e9ben mintegy 800 f\u0151v\u00e1rosi \u00e9s vid\u00e9ki iskol\u00e1s tekintette meg az Eml\u00e9kk\u00f6zpontban Hans Krasa vil\u00e1gh\u00edr\u0171 oper\u00e1j\u00e1t, a Brundib\u00e1rt. Az eml\u00e9kk\u00f6zpontba l\u00e1togat\u00f3 gyerekek az ingyenes el\u0151ad\u00e1s \u00e9s utaz\u00e1s mellett m\u0171sorf\u00fczetet \u00e9s kisebb aj\u00e1nd\u00e9kokat kaptak, a k\u00eds\u00e9r\u0151 tan\u00e1rok oktat\u00e1si csomagot vihettek haza a t\u00e9ma tov\u00e1bbi feldolgoz\u00e1s\u00e1hoz. A hat el\u0151ad\u00e1s nagy siker\u00e9t k\u00f6vet\u0151en tavasszal, \u00e1prilis v\u00e9g\u00e9n \u00fajra meghirdetj\u00fck az ingyenes programot.<\/p>\n<p><a href=\"\/tamogatas\/adomanyozas\">Adom\u00e1nyoz\u00f3lev\u00e9l&gt;&gt;<\/a><\/p>\n<p>\t&nbsp;<\/p>\n<hr \/>\n<p><\/p>\n<p>\t<strong>\u201eSz\u00e1m\u0171z\u00f6tt m\u0171v\u00e9szet\u201d ki\u00e1ll\u00edt\u00e1s sorozat<\/strong><\/p>\n<p>\tAz Eml\u00e9kk\u00f6zpont id\u0151szaki ki\u00e1ll\u00edt\u00e1sain azokat az elfeledett m\u0171v\u00e9szeket \u00e9s alkot\u00e1saikat szeretn\u00e9 visszahozni Magyarorsz\u00e1gra, akiknek munk\u00e1ss\u00e1ga a holokauszt miatt k\u00fclf\u00f6ld\u00f6n teljesedett ki. A bemutat\u00e1s mellett c\u00e9lunk, hogy az alkot\u00f3k \u00e9s alkot\u00e1saik visszaker\u00fcljenek a magyar kultur\u00e1lis k\u00f6ztudatba, v\u00e1ljanak a magyar kultur\u00e1lis \u00f6r\u00f6ks\u00e9g r\u00e9sz\u00e9v\u00e9. Az els\u0151 ki\u00e1ll\u00edt\u00e1st 2010. \u00e1prilis\u00e1ban nyitjuk meg K\u00e9s\u0151i visszat\u00e9r\u00e9s c\u00edmmel h\u00e1rom P\u00e1rizsban \u00e9s Berlinben \u00e9lt m\u0171v\u00e9sz festm\u00e9nyeinek \u00e9s grafik\u00e1inak bemutat\u00e1s\u00e1val.<\/p>\n<p><a href=\"\/kiallitas\/idoszaki-kiallitas\/kesoi-hazateres\">A K\u00e9s\u0151i visszat\u00e9r\u00e9s c\u00edm\u0171 ki\u00e1ll\u00edt\u00e1sr\u00f3l&gt;&gt;<\/a><\/p>\n<p>\t<a href=\"\/tamogatas\/adomanyozas\">Adom\u00e1nyoz\u00f3lev\u00e9l&gt;&gt;<\/a><\/p>\n<p>\t&nbsp;<\/p>\n<hr \/>\n<p><\/p>\n<p>\t<strong>Tet\u0151kert l\u00e1togathat\u00f3v\u00e1 t\u00e9tele<\/strong><\/p>\n<p>\tAz \u00e9p\u00fclet tet\u0151kertje eml\u00e9kkert. A benne tal\u00e1lhat\u00f3 bokrok \u00e9s f\u00e1k azon orsz\u00e1gokat reprezent\u00e1lj\u00e1k, ahol a holokauszt alatt emberek sz\u00e1zezrei estek \u00e1ldozatul. A kertb\u0151l k\u00fcl\u00f6nleges kil\u00e1t\u00e1s ny\u00edlik a zsinag\u00f3ga oromzat\u00e1ra, az eml\u00e9kk\u00f6zpont bels\u0151 udvar\u00e1ra \u00e9s a k\u00f6rnyez\u0151 ferencv\u00e1rosi utc\u00e1kra.<\/p>\n<p>\tA tet\u0151kert jelenleg nem l\u00e1togathat\u00f3. A nagyk\u00f6z\u00f6ns\u00e9g el\u0151tt val\u00f3 megnyit\u00e1s\u00e1hoz v\u00e9d\u0151korl\u00e1tok, kerti b\u00fatorok \u00e9s a l\u00e9pcs\u0151felj\u00e1rat kialak\u00edt\u00e1sa sz\u00fcks\u00e9ges.<\/p>\n<p><a href=\"\/tamogatas\/adomanyozas\">Adom\u00e1nyoz\u00f3lev\u00e9l&gt;&gt;<\/a><\/p>\n<p>\t&nbsp;<\/p>\n<hr \/>\n","protected":false},"excerpt":{"rendered":"<p>A Holokauszt Eml\u00e9kk\u00f6zpont az al\u00e1bbi programokhoz v\u00e1rja az \u00d6n t\u00e1mogat\u00e1s\u00e1t: Tematikus ny\u00e1ri t\u00e1bor Az elm\u00falt hat \u00e9vben a holokauszt helysz\u00edneit kutat\u00f3 \u00e9s bemutat\u00f3 ny\u00e1ri programot szervezt\u00fcnk. Az egyhetes t\u00e1borba&nbsp; di\u00e1kok \u00e9s tan\u00e1rok is jelentkezhettek. Az elm\u00falt \u00e9vekben j\u00e1rtunk budapesti, vid\u00e9ki \u00e9s hat\u00e1ron t\u00fali helysz\u00edneken is. Id\u00e9n filmeken kereszt\u00fcl dolgozzuk fel a holokauszt t\u00e9m\u00e1j\u00e1t, annak a<\/p>\n","protected":false},"author":1,"featured_media":0,"parent":0,"menu_order":0,"comment_status":"closed","ping_status":"closed","template":"","meta":{"footnotes":""},"class_list":["post-20374","page","type-page","status-publish","hentry"],"acf":[],"_links":{"self":[{"href":"https:\/\/hdke.hu\/en\/wp-json\/wp\/v2\/pages\/20374","targetHints":{"allow":["GET"]}}],"collection":[{"href":"https:\/\/hdke.hu\/en\/wp-json\/wp\/v2\/pages"}],"about":[{"href":"https:\/\/hdke.hu\/en\/wp-json\/wp\/v2\/types\/page"}],"author":[{"embeddable":true,"href":"https:\/\/hdke.hu\/en\/wp-json\/wp\/v2\/users\/1"}],"replies":[{"embeddable":true,"href":"https:\/\/hdke.hu\/en\/wp-json\/wp\/v2\/comments?post=20374"}],"version-history":[{"count":0,"href":"https:\/\/hdke.hu\/en\/wp-json\/wp\/v2\/pages\/20374\/revisions"}],"wp:attachment":[{"href":"https:\/\/hdke.hu\/en\/wp-json\/wp\/v2\/media?parent=20374"}],"curies":[{"name":"wp","href":"https:\/\/api.w.org\/{rel}","templated":true}]}}