{"id":20375,"date":"2012-06-20T00:00:00","date_gmt":"2012-06-19T22:00:00","guid":{"rendered":"http:\/\/new.hdke.hu\/volunteers\/"},"modified":"2012-06-20T00:00:00","modified_gmt":"2012-06-19T22:00:00","slug":"volunteers","status":"publish","type":"page","link":"https:\/\/hdke.hu\/en\/volunteers\/","title":{"rendered":"Volunteers"},"content":{"rendered":"<p>A Holokauszt Eml\u00e9kk\u00f6zpont az al\u00e1bbi tev\u00e9kenys\u00e9gekre v\u00e1rja \u00f6nk\u00e9ntesek, gyakornokok jelentkez\u00e9s\u00e9t:<\/p>\n<ul>\n<li>\n<p>\t\tidegen nyelv\u0171 t\u00e1rlatvezet\u00e9s (els\u0151sorban egyetemi b\u00f6lcs\u00e9szhallgat\u00f3k sz\u00e1m\u00e1ra)<\/p>\n<p>\t\tAz \u00f6nk\u00e9ntesek t\u00e1rlatvezet\u0151i k\u00e9pz\u00e9st k\u00f6vet\u0151en k\u00fclf\u00f6ldi csoportokat vezethetnek az Eml\u00e9kk\u00f6zpontban.<\/li>\n<li>\n<p>\t\tm\u00fazeumpedag\u00f3giai foglalkoz\u00e1sok (m\u0171v\u00e9szeti \u00e9s pedag\u00f3giai szakos egyetemist\u00e1k)<\/p>\n<p>\t\tAz \u00f6nk\u00e9ntesek m\u00fazeumpedag\u00f3giai k\u00e9pz\u00e9st k\u00f6vet\u0151en iskolai csoportoknak tartanak a ki\u00e1ll\u00edt\u00e1sokhoz kapcsol\u00f3d\u00f3 m\u00fazeumpedag\u00f3giai foglalkoz\u00e1st.<\/li>\n<\/ul>\n","protected":false},"excerpt":{"rendered":"<p>A Holokauszt Eml\u00e9kk\u00f6zpont az al\u00e1bbi tev\u00e9kenys\u00e9gekre v\u00e1rja \u00f6nk\u00e9ntesek, gyakornokok jelentkez\u00e9s\u00e9t: idegen nyelv\u0171 t\u00e1rlatvezet\u00e9s (els\u0151sorban egyetemi b\u00f6lcs\u00e9szhallgat\u00f3k sz\u00e1m\u00e1ra) Az \u00f6nk\u00e9ntesek t\u00e1rlatvezet\u0151i k\u00e9pz\u00e9st k\u00f6vet\u0151en k\u00fclf\u00f6ldi csoportokat vezethetnek az Eml\u00e9kk\u00f6zpontban. m\u00fazeumpedag\u00f3giai foglalkoz\u00e1sok (m\u0171v\u00e9szeti \u00e9s pedag\u00f3giai szakos egyetemist\u00e1k) Az \u00f6nk\u00e9ntesek m\u00fazeumpedag\u00f3giai k\u00e9pz\u00e9st k\u00f6vet\u0151en iskolai csoportoknak tartanak a ki\u00e1ll\u00edt\u00e1sokhoz kapcsol\u00f3d\u00f3 m\u00fazeumpedag\u00f3giai foglalkoz\u00e1st.<\/p>\n","protected":false},"author":1,"featured_media":0,"parent":0,"menu_order":0,"comment_status":"closed","ping_status":"closed","template":"","meta":{"footnotes":""},"class_list":["post-20375","page","type-page","status-publish","hentry"],"acf":[],"_links":{"self":[{"href":"https:\/\/hdke.hu\/en\/wp-json\/wp\/v2\/pages\/20375","targetHints":{"allow":["GET"]}}],"collection":[{"href":"https:\/\/hdke.hu\/en\/wp-json\/wp\/v2\/pages"}],"about":[{"href":"https:\/\/hdke.hu\/en\/wp-json\/wp\/v2\/types\/page"}],"author":[{"embeddable":true,"href":"https:\/\/hdke.hu\/en\/wp-json\/wp\/v2\/users\/1"}],"replies":[{"embeddable":true,"href":"https:\/\/hdke.hu\/en\/wp-json\/wp\/v2\/comments?post=20375"}],"version-history":[{"count":0,"href":"https:\/\/hdke.hu\/en\/wp-json\/wp\/v2\/pages\/20375\/revisions"}],"wp:attachment":[{"href":"https:\/\/hdke.hu\/en\/wp-json\/wp\/v2\/media?parent=20375"}],"curies":[{"name":"wp","href":"https:\/\/api.w.org\/{rel}","templated":true}]}}