{"id":20383,"date":"2015-12-09T00:00:00","date_gmt":"2015-12-08T23:00:00","guid":{"rendered":"http:\/\/new.hdke.hu\/rescuers\/"},"modified":"2023-02-14T10:48:44","modified_gmt":"2023-02-14T09:48:44","slug":"rescuers","status":"publish","type":"page","link":"https:\/\/hdke.hu\/en\/remembrance\/rescuers\/","title":{"rendered":"Rescuers"},"content":{"rendered":"<section class=\"kc-elm kc-css-558778 kc_row\"><div class=\"kc-row-container  kc-container\"><div class=\"kc-wrap-columns\"><div class=\"kc-elm kc-css-439536 kc_col-sm-12 kc_column kc_col-sm-12\"><div class=\"kc-col-container\"><div class=\"kc-elm kc_text_block\"><\/p>\n<p><strong>Saving lives during the Holocaust<\/strong><\/p>\n<p class=\"rtejustify\">The Holocaust Memorial Center is a memorial, a venue of compassion with the victims. At the same time, an important part of its mission are introducing the brave activities of rescuers, standing up for the respect of human rights and the protection of human lives.<\/p>\n<p class=\"rtejustify\">The Second World War represents a collapse of the universal moral values. In spite of this, the acts of rescuers display humanity above individual and material considerations. The rescuers, secretly saving lives of Jews in hostile surroundings, in permanent danger of being discovered, could not count on the support of the majority of the population. These acts represent the highest level of valor, similar to the courage displayed on the battlefields.<\/p>\n<p class=\"rtejustify\">For already a decade, paying a ceremonial homage to the rescuers is part of the celebration of the Day of Humanity on August 4, birthday of Raoul Wallenberg. Further efforts in research and teaching are needed to provide the proper place for rescuers in educating humanism, tolerance and solidarity. Therefore, the objective of our institution is to research and register actions of rescuing, sites of Jewish resistance and of self-rescuing, as well as to honor the activities of the Righteous Among the Nations and to support the Society of Just People..<\/p>\n<p class=\"rtejustify\">Up to January 2013,<strong> 806 Hungarian rescuers have been bestowed the Righteous Among the Nations award<\/strong>. We continue to submit cases to the Yad Vashem Institute for recognition in the line with the Israeli requirements.<\/p>\n<p class=\"rtejustify\">We believe that there are still many cases of life saving activities, both within and without the Hungarian border, that are still waiting to be researched and the supporting documentation compiled. To this aim, a separate office was established within our Institution in 2012. The Chairing Board of the Society of Just People, that founded the Plaque for Commitment, has also been formed.\u00a0 The Plaque represents a belated gesture of public appreciation of the morality of rescuers.<\/p>\n<p class=\"rtejustify\">Initiatives may be submitted using the \u201c<a href=\"\/files\/csatolmanyok\/Embermento_adatlap.pdf\">Reporting Rescuer<\/a>\u201d form (in Hungarian). Memories and data on sites and events may be shared on the<a href=\"\/emlekezes\/ki_tud_rola\"> Ki tud r\u00f3la? \/ Who knows about?<\/a> page.<\/p>\n<p>&nbsp;<\/p>\n<p>\n<\/div><\/div><\/div><\/div><\/div><\/section>\n<h3>Csatolm\u00e1nyok<\/h3>\n<table>\n    <tr>\n        <th>N\u00e9v<\/th>\n        <th>M\u00e9ret<\/th>\n    <\/tr>\n\t        <tr>\n            <td>\n                <a href=\"https:\/\/hdke.hu\/wp-content\/uploads\/2021\/10\/Embermento_adatlap.pdf\">\n\t\t\t\t\tEmbermento_adatlap.pdf                <\/a>\n            <\/td>\n            <td>170 KB<\/td>\n        <\/tr>\n\t        <tr>\n            <td>\n                <a href=\"https:\/\/hdke.hu\/wp-content\/uploads\/2024\/02\/embermento-adatlap.docx\">\n\t\t\t\t\tembermento-adatlap                <\/a>\n            <\/td>\n            <td>15 KB<\/td>\n        <\/tr>\n\t<\/table>\n","protected":false},"excerpt":{"rendered":"<p>Csatolm\u00e1nyok N\u00e9v M\u00e9ret Embermento_adatlap.pdf 170 KB embermento-adatlap 15 KB<\/p>\n","protected":false},"author":1,"featured_media":0,"parent":20341,"menu_order":6,"comment_status":"closed","ping_status":"closed","template":"","meta":{"footnotes":""},"class_list":["post-20383","page","type-page","status-publish","hentry"],"acf":[],"_links":{"self":[{"href":"https:\/\/hdke.hu\/en\/wp-json\/wp\/v2\/pages\/20383","targetHints":{"allow":["GET"]}}],"collection":[{"href":"https:\/\/hdke.hu\/en\/wp-json\/wp\/v2\/pages"}],"about":[{"href":"https:\/\/hdke.hu\/en\/wp-json\/wp\/v2\/types\/page"}],"author":[{"embeddable":true,"href":"https:\/\/hdke.hu\/en\/wp-json\/wp\/v2\/users\/1"}],"replies":[{"embeddable":true,"href":"https:\/\/hdke.hu\/en\/wp-json\/wp\/v2\/comments?post=20383"}],"version-history":[{"count":1,"href":"https:\/\/hdke.hu\/en\/wp-json\/wp\/v2\/pages\/20383\/revisions"}],"predecessor-version":[{"id":22989,"href":"https:\/\/hdke.hu\/en\/wp-json\/wp\/v2\/pages\/20383\/revisions\/22989"}],"up":[{"embeddable":true,"href":"https:\/\/hdke.hu\/en\/wp-json\/wp\/v2\/pages\/20341"}],"wp:attachment":[{"href":"https:\/\/hdke.hu\/en\/wp-json\/wp\/v2\/media?parent=20383"}],"curies":[{"name":"wp","href":"https:\/\/api.w.org\/{rel}","templated":true}]}}