{"id":20384,"date":"2012-06-19T00:00:00","date_gmt":"2012-06-18T22:00:00","guid":{"rendered":"http:\/\/new.hdke.hu\/reporting-names\/"},"modified":"2023-02-14T14:00:35","modified_gmt":"2023-02-14T13:00:35","slug":"reporting-names","status":"publish","type":"page","link":"https:\/\/hdke.hu\/en\/remembrance\/identified-victims\/reporting-names\/","title":{"rendered":"Reporting Names"},"content":{"rendered":"<section class=\"kc-elm kc-css-570768 kc_row\"><div class=\"kc-row-container  kc-container\"><div class=\"kc-wrap-columns\"><div class=\"kc-elm kc-css-334562 kc_col-sm-12 kc_column kc_col-sm-12\"><div class=\"kc-col-container\"><div class=\"kc-elm kc-css-831914 kc_shortcode kc_single_image\">\n\n        <img decoding=\"async\" src=\"https:\/\/hdke.hu\/wp-content\/uploads\/2023\/02\/pava-utca-39-polinszky-t-09-resize.jpg\" class=\"\" alt=\"\" \/>    <\/div>\n<div class=\"kc-elm kc-css-880409\" style=\"height: 20px; clear: both; width:100%;\"><\/div><div class=\"kc-elm kc_text_block\"><\/p>\n<p>Our research relies on the support of survivors, relatives of victims and all those, who may provide any information about the deported persons. We call on everybody who may be of assistance to fill in the attached questionnaire and help us commemorate every victim of the Holocaust.<\/p>\n<p>The questionnaire can be sent in by mail to the address of the Holocaust Memorial Center (please indicate that it is aimed at the Names Working Group) or electronically, to <a href=\"mailto:nevek@hdke.hu\">nevek@hdke.hu<\/a>.<\/p>\n<p>Please do not forget to sign before sending.<\/p>\n<p>Thank you for your support!<\/p>\n<p>\n<\/div><\/div><\/div><\/div><\/div><\/section>\n<h3>Csatolm\u00e1nyok<\/h3>\n<table>\n    <tr>\n        <th>N\u00e9v<\/th>\n        <th>M\u00e9ret<\/th>\n    <\/tr>\n\t        <tr>\n            <td>\n                <a href=\"https:\/\/hdke.hu\/wp-content\/uploads\/2021\/10\/aldozatok.pdf\">\n\t\t\t\t\taldozatok.pdf                <\/a>\n            <\/td>\n            <td>2 MB<\/td>\n        <\/tr>\n\t        <tr>\n            <td>\n                <a href=\"https:\/\/hdke.hu\/wp-content\/uploads\/2021\/10\/victims.pdf\">\n\t\t\t\t\tvictims.pdf                <\/a>\n            <\/td>\n            <td>2 MB<\/td>\n        <\/tr>\n\t<\/table>\n","protected":false},"excerpt":{"rendered":"<p>Csatolm\u00e1nyok N\u00e9v M\u00e9ret aldozatok.pdf 2 MB victims.pdf 2 MB<\/p>\n","protected":false},"author":1,"featured_media":0,"parent":20377,"menu_order":2,"comment_status":"closed","ping_status":"closed","template":"","meta":{"footnotes":""},"class_list":["post-20384","page","type-page","status-publish","hentry"],"acf":[],"_links":{"self":[{"href":"https:\/\/hdke.hu\/en\/wp-json\/wp\/v2\/pages\/20384","targetHints":{"allow":["GET"]}}],"collection":[{"href":"https:\/\/hdke.hu\/en\/wp-json\/wp\/v2\/pages"}],"about":[{"href":"https:\/\/hdke.hu\/en\/wp-json\/wp\/v2\/types\/page"}],"author":[{"embeddable":true,"href":"https:\/\/hdke.hu\/en\/wp-json\/wp\/v2\/users\/1"}],"replies":[{"embeddable":true,"href":"https:\/\/hdke.hu\/en\/wp-json\/wp\/v2\/comments?post=20384"}],"version-history":[{"count":1,"href":"https:\/\/hdke.hu\/en\/wp-json\/wp\/v2\/pages\/20384\/revisions"}],"predecessor-version":[{"id":23019,"href":"https:\/\/hdke.hu\/en\/wp-json\/wp\/v2\/pages\/20384\/revisions\/23019"}],"up":[{"embeddable":true,"href":"https:\/\/hdke.hu\/en\/wp-json\/wp\/v2\/pages\/20377"}],"wp:attachment":[{"href":"https:\/\/hdke.hu\/en\/wp-json\/wp\/v2\/media?parent=20384"}],"curies":[{"name":"wp","href":"https:\/\/api.w.org\/{rel}","templated":true}]}}