{"id":28009,"date":"2024-05-09T11:20:42","date_gmt":"2024-05-09T09:20:42","guid":{"rendered":"https:\/\/hdke.hu\/?page_id=28009"},"modified":"2024-08-13T11:03:21","modified_gmt":"2024-08-13T09:03:21","slug":"fooldal-3","status":"publish","type":"page","link":"https:\/\/hdke.hu\/en\/","title":{"rendered":"F\u0151oldal"},"content":{"rendered":"<p><section class=\"kc-elm kc-css-343478 kc_row\"><div class=\"kc-row-container\"><div class=\"kc-wrap-columns\"><div class=\"kc-elm kc-css-132096 kc_col-sm-12 kc_column kc_col-sm-12\"><div class=\"kc-col-container\"><section class=\"slider-one\">\r\n\t<div class=\"slider-one__carousel owl-carousel owl-theme\">\r\n\t\t\t\t<div class=\"item slider-one__slider-1\" style=\"background-image: url(https:\/\/hdke.hu\/wp-content\/uploads\/2022\/01\/allando-kiallitas-slider.jpg);\">\r\n\t\t\t<div class=\"container text-center\">\r\n\t\t\t\t<p class=\"slider-one__tag-line text-uppercase\">From Deprivation of Rights to Genocide<\/p><!-- \/.slider-one__tag-line -->\r\n\t\t\t\t<h2 class=\"slider-one__title\">To the Memory of the<br>Victims of the Hungarian Holocaust<\/h2><!-- \/.slider-one__title -->\r\n\t\t\t\t<p class=\"slider-one__text text-uppercase\">Permanent Exhibition<\/p>\r\n\t\t\t\t<!-- \/.slider-one__text -->\r\n\t\t\t\t<a href=\"https:\/\/hdke.hu\/en\/from-deprivation-of-rights-to-genocide\/\" class=\"thm-btn slider-one__btn\">GO TO EXHIBITIOn<\/a><!-- \/.thm-btn slider-one__btn -->\r\n\t\t\t<\/div><!-- \/.container -->\r\n\t\t<\/div><!-- \/.item -->\r\n\t\t\t<\/div><!-- \/.slider-one__carousel -->\r\n\t<div class=\"slider-one__nav\">\r\n\t\t<a class=\"slider-one__nav-left slide-one__left-btn\" href=\"#\">\r\n\t\t\t<i class=\"egypt-icon-right-angle\"><\/i>\r\n\t\t\t<span class=\"slider-one__nav-text\">Prev<\/span><!-- \/.slider-one__nav-text -->\r\n\t\t<\/a>\r\n\t\t<a class=\"slider-one__nav-right slide-one__right-btn\" href=\"#\">\r\n\t\t\t<i class=\"egypt-icon-left-angle\"><\/i>\r\n\t\t\t<span class=\"slider-one__nav-text\">Next<\/span><!-- \/.slider-one__nav-text -->\r\n\t\t<\/a>\r\n\t<\/div><!-- \/.slider-two__nav -->\r\n<\/section><!-- \/.slider-one --><\/div><\/div><\/div><\/div><\/section><section class=\"kc-elm kc-css-345880 kc_row\"><div class=\"kc-row-container\"><div class=\"kc-wrap-columns\"><div class=\"kc-elm kc-css-172583 kc_col-sm-12 kc_column kc_col-sm-12\"><div class=\"kc-col-container\"><div class=\"kc-elm kc-css-394806 kc-raw-code\">\n\t<div class=\"coupon-en-banner coupon-banner\">\n\t\t<div class=\"coupon-banner__container\">\n\t\t\t<div class=\"coupon-banner__text\">\n\t\t\t\t<span class=\"coupon-banner__title\">80 years 80 % discount on combined tickets<\/span>\n\t\t\t<\/div>\n\t\t\t<div class=\"exhibhition-one__bottom-right\">\n\t\t\t\t<a href=\"https:\/\/hdke.hu\/wp-content\/uploads\/2024\/06\/80-kupon-online.pdf\" class=\"thm-btn exhibhition-one__btn\">Download voucher<\/a>\n\t\t\t<\/div>\n\t\t<\/div>\n\t<\/div><\/div>\r\n\r\n<section class=\"exhibhition-one\">\r\n\t<div class=\"container\">\r\n\t\t<div class=\"block-title text-center\">\r\n\t\t\t<p class=\"block-title__tag-line\">EXHIBITIONS<\/p><!-- \/.block-title__tag-line -->\r\n\t\t\t<h2 class=\"block-title__title\">Temporary exhibitions<\/h2><!-- \/.block-title__title -->\r\n\t\t<\/div><!-- \/.block-title -->\r\n\t\t<div class=\"row\">\r\n\t\t\t\t\t\t<div class=\"col-lg-4\">\r\n\t\t\t\t<div class=\"exhibhition-one__single wow fadeInUp\" data-wow-duration=\"1500ms\">\r\n\t\t\t\t\t<div class=\"exhibhition-one__image\">\r\n\t\t\t\t\t\t<div class=\"exhibhition-one__image-inner\">\r\n\t\t\t\t\t\t\t<span class=\"exhibhition-one__image-border-1\"><\/span>\r\n\t\t\t\t\t\t\t<span class=\"exhibhition-one__image-border-2\"><\/span>\r\n\t\t\t\t\t\t\t<span class=\"exhibhition-one__image-border-3\"><\/span>\r\n\t\t\t\t\t\t\t<span class=\"exhibhition-one__image-border-4\"><\/span>\r\n\t\t\t\t\t\t\t<img loading=\"lazy\" decoding=\"async\" width=\"370\" height=\"210\" src=\"https:\/\/hdke.hu\/wp-content\/uploads\/2026\/04\/cover-angol-v2-page-0001-honlap-370x210.jpg\" class=\"attachment-egypt_370x210 size-egypt_370x210 wp-post-image\" alt=\"\" \/>\t\t\t\t\t\t\t<a href=\"https:\/\/hdke.hu\/en\/exhibition\/37969\/\" class=\"exhibhition-one__image-link\"><i class=\"egypt-icon-arrow-1\"><\/i><\/a>\r\n\t\t\t\t\t\t<\/div><!-- \/.exhibhition-one__image-inner -->\r\n\t\t\t\t\t<\/div><!-- \/.exhibhition-one__image -->\r\n\t\t\t\t\t<div class=\"exhibhition-one__content\">\r\n\t\t\t\t\t\t\t\t\t\t\t\t<span class=\"exhibhition-one__category\">Temporary exhibition<\/span>\r\n\t\t\t\t\t\t<h3 class=\"exhibhition-one__title\"><a href=\"https:\/\/hdke.hu\/en\/exhibition\/37969\/\">THROUGH MEMORY NARRATIVES AND MEMOIRS OF THE ROMA HOLOCAUST<\/a><\/h3><!-- \/.exhibhition-one__title -->\r\n\t\t\t\t\t\t<div class=\"exhibhition-one__bottom\">\r\n\t\t\t\t\t\t\t<div class=\"exhibhition-one__bottom-left\">\r\n\t\t\t\t\t\t\t\t<span><\/span>\r\n\t\t\t\t\t\t\t\t<span> <i class=\"fa fa-angle-double-left\"><\/i><\/span>\r\n\t\t\t\t\t\t\t<\/div><!-- \/.exhibhition-one__bottom-left -->\r\n\t\t\t\t\t\t\t<div class=\"exhibhition-one__bottom-right\">\r\n\t\t\t\t\t\t\t   <a href=\"https:\/\/hdke.hu\/en\/exhibition\/37969\/\" class=\"thm-btn exhibhition-one__btn\">Read More<\/a>\r\n\t\t\t\t\t\t\t<\/div><!-- \/.exhibhition-one__bottom-right -->\r\n\t\t\t\t\t\t<\/div><!-- \/.exhibhition-one__bottom -->\r\n\t\t\t\t\t<\/div><!-- \/.exhibhition-one__content -->\r\n\t\t\t\t<\/div><!-- \/.exhibhition-one__single -->\r\n\t\t\t<\/div><!-- \/.col-lg-4 -->\r\n\t\t\t\t\t\t<div class=\"col-lg-4\">\r\n\t\t\t\t<div class=\"exhibhition-one__single wow fadeInUp\" data-wow-duration=\"1500ms\">\r\n\t\t\t\t\t<div class=\"exhibhition-one__image\">\r\n\t\t\t\t\t\t<div class=\"exhibhition-one__image-inner\">\r\n\t\t\t\t\t\t\t<span class=\"exhibhition-one__image-border-1\"><\/span>\r\n\t\t\t\t\t\t\t<span class=\"exhibhition-one__image-border-2\"><\/span>\r\n\t\t\t\t\t\t\t<span class=\"exhibhition-one__image-border-3\"><\/span>\r\n\t\t\t\t\t\t\t<span class=\"exhibhition-one__image-border-4\"><\/span>\r\n\t\t\t\t\t\t\t<img loading=\"lazy\" decoding=\"async\" width=\"370\" height=\"210\" src=\"https:\/\/hdke.hu\/wp-content\/uploads\/2025\/05\/sm-03-honlap-370x210.jpg\" class=\"attachment-egypt_370x210 size-egypt_370x210 wp-post-image\" alt=\"\" \/>\t\t\t\t\t\t\t<a href=\"https:\/\/hdke.hu\/en\/exhibition\/34134\/\" class=\"exhibhition-one__image-link\"><i class=\"egypt-icon-arrow-1\"><\/i><\/a>\r\n\t\t\t\t\t\t<\/div><!-- \/.exhibhition-one__image-inner -->\r\n\t\t\t\t\t<\/div><!-- \/.exhibhition-one__image -->\r\n\t\t\t\t\t<div class=\"exhibhition-one__content\">\r\n\t\t\t\t\t\t\t\t\t\t\t\t<span class=\"exhibhition-one__category\">Temporary exhibition<\/span>\r\n\t\t\t\t\t\t<h3 class=\"exhibhition-one__title\"><a href=\"https:\/\/hdke.hu\/en\/exhibition\/34134\/\">Men of the Match \u2013 Jews and Football Between the Two World Wars<\/a><\/h3><!-- \/.exhibhition-one__title -->\r\n\t\t\t\t\t\t<div class=\"exhibhition-one__bottom\">\r\n\t\t\t\t\t\t\t<div class=\"exhibhition-one__bottom-left\">\r\n\t\t\t\t\t\t\t\t<span><\/span>\r\n\t\t\t\t\t\t\t\t<span> <i class=\"fa fa-angle-double-left\"><\/i><\/span>\r\n\t\t\t\t\t\t\t<\/div><!-- \/.exhibhition-one__bottom-left -->\r\n\t\t\t\t\t\t\t<div class=\"exhibhition-one__bottom-right\">\r\n\t\t\t\t\t\t\t   <a href=\"https:\/\/hdke.hu\/en\/exhibition\/34134\/\" class=\"thm-btn exhibhition-one__btn\">Read More<\/a>\r\n\t\t\t\t\t\t\t<\/div><!-- \/.exhibhition-one__bottom-right -->\r\n\t\t\t\t\t\t<\/div><!-- \/.exhibhition-one__bottom -->\r\n\t\t\t\t\t<\/div><!-- \/.exhibhition-one__content -->\r\n\t\t\t\t<\/div><!-- \/.exhibhition-one__single -->\r\n\t\t\t<\/div><!-- \/.col-lg-4 -->\r\n\t\t\t\t\t\t<div class=\"col-lg-4\">\r\n\t\t\t\t<div class=\"exhibhition-one__single wow fadeInUp\" data-wow-duration=\"1500ms\">\r\n\t\t\t\t\t<div class=\"exhibhition-one__image\">\r\n\t\t\t\t\t\t<div class=\"exhibhition-one__image-inner\">\r\n\t\t\t\t\t\t\t<span class=\"exhibhition-one__image-border-1\"><\/span>\r\n\t\t\t\t\t\t\t<span class=\"exhibhition-one__image-border-2\"><\/span>\r\n\t\t\t\t\t\t\t<span class=\"exhibhition-one__image-border-3\"><\/span>\r\n\t\t\t\t\t\t\t<span class=\"exhibhition-one__image-border-4\"><\/span>\r\n\t\t\t\t\t\t\t<img loading=\"lazy\" decoding=\"async\" width=\"370\" height=\"210\" src=\"https:\/\/hdke.hu\/wp-content\/uploads\/2024\/10\/hazaterese-nem-kivanatos-cover-13-1-370x210.jpg\" class=\"attachment-egypt_370x210 size-egypt_370x210 wp-post-image\" alt=\"\" \/>\t\t\t\t\t\t\t<a href=\"https:\/\/hdke.hu\/en\/exhibition\/his-return-home-is-undesirable-ordinary-people-and-the-holocaust\/\" class=\"exhibhition-one__image-link\"><i class=\"egypt-icon-arrow-1\"><\/i><\/a>\r\n\t\t\t\t\t\t<\/div><!-- \/.exhibhition-one__image-inner -->\r\n\t\t\t\t\t<\/div><!-- \/.exhibhition-one__image -->\r\n\t\t\t\t\t<div class=\"exhibhition-one__content\">\r\n\t\t\t\t\t\t\t\t\t\t\t\t<span class=\"exhibhition-one__category\">Temporary exhibition<\/span>\r\n\t\t\t\t\t\t<h3 class=\"exhibhition-one__title\"><a href=\"https:\/\/hdke.hu\/en\/exhibition\/his-return-home-is-undesirable-ordinary-people-and-the-holocaust\/\">\u201cHis return home is undesirable\u201d Ordinary people and the Holocaust<\/a><\/h3><!-- \/.exhibhition-one__title -->\r\n\t\t\t\t\t\t<div class=\"exhibhition-one__bottom\">\r\n\t\t\t\t\t\t\t<div class=\"exhibhition-one__bottom-left\">\r\n\t\t\t\t\t\t\t\t<span><\/span>\r\n\t\t\t\t\t\t\t\t<span> <i class=\"fa fa-angle-double-left\"><\/i><\/span>\r\n\t\t\t\t\t\t\t<\/div><!-- \/.exhibhition-one__bottom-left -->\r\n\t\t\t\t\t\t\t<div class=\"exhibhition-one__bottom-right\">\r\n\t\t\t\t\t\t\t   <a href=\"https:\/\/hdke.hu\/en\/exhibition\/his-return-home-is-undesirable-ordinary-people-and-the-holocaust\/\" class=\"thm-btn exhibhition-one__btn\">Read More<\/a>\r\n\t\t\t\t\t\t\t<\/div><!-- \/.exhibhition-one__bottom-right -->\r\n\t\t\t\t\t\t<\/div><!-- \/.exhibhition-one__bottom -->\r\n\t\t\t\t\t<\/div><!-- \/.exhibhition-one__content -->\r\n\t\t\t\t<\/div><!-- \/.exhibhition-one__single -->\r\n\t\t\t<\/div><!-- \/.col-lg-4 -->\r\n\t\t\t\t\t<\/div><!-- \/.row -->\r\n\t<\/div><!-- \/.container -->\r\n<\/section><!-- \/.exhibhition-one -->\r\n\r\n<\/div><\/div><\/div><\/div><\/section><section class=\"kc-elm kc-css-807356 kc_row\"><div class=\"kc-row-container  kc-container\"><div class=\"kc-wrap-columns\"><div class=\"kc-elm kc-css-748550 kc_col-sm-12 kc_column kc_col-sm-12\"><div class=\"kc-col-container\">\r\n\r\n<section class=\"blog-two\">\r\n    <div class=\"container\">\r\n        <div class=\"block-title text-center\">\r\n            <p class=\"block-title__tag-line\"><\/p><!-- \/.block-title__tag-line -->\r\n            <h2 class=\"block-title__title\">News<\/h2><!-- \/.block-title__title -->\r\n        <\/div><!-- \/.block-title -->\r\n        <div class=\"row masonary-layout\">\r\n                                    <div class=\"col-lg-4 col-md-6 col-sm-12 masonary-item wow fadeInUp\" data-wow-duration=\"1500ms\" data-wow-delay=\"0ms\">\r\n                <div class=\"blog-two__single\">\r\n                    <div class=\"blog-two__image\">\r\n                        <img decoding=\"async\" src=\"https:\/\/hdke.hu\/wp-content\/uploads\/2025\/04\/cover-honlap-1.jpg\" alt=\"Thumbnail Image\">\r\n                        <a href=\"https:\/\/hdke.hu\/en\/10th-holocaust-by-bullets-seminar\/\"><i class=\"egypt-icon-add\"><\/i><!-- \/.egypt-icon-add --><\/a>\r\n                    <\/div><!-- \/.blog-two__image -->\r\n                    <div class=\"blog-two__content\">\r\n                        <h3 class=\"blog-two__title\"><a href=\"https:\/\/hdke.hu\/en\/10th-holocaust-by-bullets-seminar\/\">10th \u2018Holocaust by Bullets\u2019 seminar<\/a><\/h3><!-- \/.blog-two__title -->\r\n                        <p class=\"blog-two__text\">The Budapest Holocaust Memorial Centre, together with Yahad \u2013 In Unum, ...<\/p><!-- \/.blog-two__text -->\r\n                        <div class=\"blog-two__bottom\">\r\n                            <a href=\"https:\/\/hdke.hu\/en\/10th-holocaust-by-bullets-seminar\/\" class=\"blog-two__link\">Read More <span>+<\/span><\/a>\r\n                            <!-- \/.blog-two__link -->\r\n                            <a href=\"https:\/\/hdke.hu\/en\/2026\/05\/\" class=\"blog-two__date\">2026.05.05.<\/a>\r\n                        <\/div><!-- \/.blog-two__bottom -->\r\n                    <\/div><!-- \/.blog-two__content -->\r\n                <\/div><!-- \/.blog-two__single -->\r\n            <\/div><!-- \/.col-lg-4 col-md-6 -->\r\n            <!-- \/.col-lg-4 col-md-6 -->\r\n                                    <div class=\"col-lg-4 col-md-6 col-sm-12 masonary-item wow fadeInUp\" data-wow-duration=\"1500ms\" data-wow-delay=\"0ms\">\r\n                <div class=\"blog-two__single\">\r\n                    <div class=\"blog-two__image\">\r\n                        <img decoding=\"async\" src=\"https:\/\/hdke.hu\/wp-content\/uploads\/2026\/04\/cover-angol-honlap-page-0001.jpg\" alt=\"Thumbnail Image\">\r\n                        <a href=\"https:\/\/hdke.hu\/en\/the-memorial-day-of-the-hungarian-victims-of-the-holocaust-2\/\"><i class=\"egypt-icon-add\"><\/i><!-- \/.egypt-icon-add --><\/a>\r\n                    <\/div><!-- \/.blog-two__image -->\r\n                    <div class=\"blog-two__content\">\r\n                        <h3 class=\"blog-two__title\"><a href=\"https:\/\/hdke.hu\/en\/the-memorial-day-of-the-hungarian-victims-of-the-holocaust-2\/\">THE MEMORIAL DAY OF THE HUNGARIAN VICTIMS OF THE HOLOCAUST<\/a><\/h3><!-- \/.blog-two__title -->\r\n                        <p class=\"blog-two__text\">THE GOVERNMENT OF HUNGARY CORDIALLY INVITES YOU TO THE COMMEMORATION ON ...<\/p><!-- \/.blog-two__text -->\r\n                        <div class=\"blog-two__bottom\">\r\n                            <a href=\"https:\/\/hdke.hu\/en\/the-memorial-day-of-the-hungarian-victims-of-the-holocaust-2\/\" class=\"blog-two__link\">Read More <span>+<\/span><\/a>\r\n                            <!-- \/.blog-two__link -->\r\n                            <a href=\"https:\/\/hdke.hu\/en\/2026\/04\/\" class=\"blog-two__date\">2026.04.09.<\/a>\r\n                        <\/div><!-- \/.blog-two__bottom -->\r\n                    <\/div><!-- \/.blog-two__content -->\r\n                <\/div><!-- \/.blog-two__single -->\r\n            <\/div><!-- \/.col-lg-4 col-md-6 -->\r\n            <!-- \/.col-lg-4 col-md-6 -->\r\n                                    <div class=\"col-lg-4 col-md-6 col-sm-12 masonary-item wow fadeInUp\" data-wow-duration=\"1500ms\" data-wow-delay=\"0ms\">\r\n                <div class=\"blog-two__single\">\r\n                    <div class=\"blog-two__image\">\r\n                        <img decoding=\"async\" src=\"https:\/\/hdke.hu\/wp-content\/uploads\/2026\/03\/cover-angol-v2-page-0001-honlap.jpg\" alt=\"Thumbnail Image\">\r\n                        <a href=\"https:\/\/hdke.hu\/en\/37273\/\"><i class=\"egypt-icon-add\"><\/i><!-- \/.egypt-icon-add --><\/a>\r\n                    <\/div><!-- \/.blog-two__image -->\r\n                    <div class=\"blog-two__content\">\r\n                        <h3 class=\"blog-two__title\"><a href=\"https:\/\/hdke.hu\/en\/37273\/\">Through Memory Narratives and Memoirs of the Roma Holocaust<\/a><\/h3><!-- \/.blog-two__title -->\r\n                        <p class=\"blog-two__text\">THE HOLOCAUST MEMORIAL CENTER CORDIALLY INVITES YOU TO THE OPENING CEREMONY ...<\/p><!-- \/.blog-two__text -->\r\n                        <div class=\"blog-two__bottom\">\r\n                            <a href=\"https:\/\/hdke.hu\/en\/37273\/\" class=\"blog-two__link\">Read More <span>+<\/span><\/a>\r\n                            <!-- \/.blog-two__link -->\r\n                            <a href=\"https:\/\/hdke.hu\/en\/2026\/03\/\" class=\"blog-two__date\">2026.03.24.<\/a>\r\n                        <\/div><!-- \/.blog-two__bottom -->\r\n                    <\/div><!-- \/.blog-two__content -->\r\n                <\/div><!-- \/.blog-two__single -->\r\n            <\/div><!-- \/.col-lg-4 col-md-6 -->\r\n            <!-- \/.col-lg-4 col-md-6 -->\r\n                                    <div class=\"col-lg-4 col-md-6 col-sm-12 masonary-item wow fadeInUp\" data-wow-duration=\"1500ms\" data-wow-delay=\"0ms\">\r\n                <div class=\"blog-two__single\">\r\n                    <div class=\"blog-two__image\">\r\n                        <img decoding=\"async\" src=\"https:\/\/hdke.hu\/wp-content\/uploads\/2026\/03\/zsinagoga8.jpg\" alt=\"Thumbnail Image\">\r\n                        <a href=\"https:\/\/hdke.hu\/en\/on-15-march-2023-the-holocaust-memorial-centre-will-be-open-to-the-public-free-of-charge\/\"><i class=\"egypt-icon-add\"><\/i><!-- \/.egypt-icon-add --><\/a>\r\n                    <\/div><!-- \/.blog-two__image -->\r\n                    <div class=\"blog-two__content\">\r\n                        <h3 class=\"blog-two__title\"><a href=\"https:\/\/hdke.hu\/en\/on-15-march-2023-the-holocaust-memorial-centre-will-be-open-to-the-public-free-of-charge\/\">On 15 March 2023, the Holocaust Memorial Centre will be open to the public free of charge<\/a><\/h3><!-- \/.blog-two__title -->\r\n                        <p class=\"blog-two__text\">On 15 March 2025, the Holocaust Memorial Centre will be open ...<\/p><!-- \/.blog-two__text -->\r\n                        <div class=\"blog-two__bottom\">\r\n                            <a href=\"https:\/\/hdke.hu\/en\/on-15-march-2023-the-holocaust-memorial-centre-will-be-open-to-the-public-free-of-charge\/\" class=\"blog-two__link\">Read More <span>+<\/span><\/a>\r\n                            <!-- \/.blog-two__link -->\r\n                            <a href=\"https:\/\/hdke.hu\/en\/2026\/03\/\" class=\"blog-two__date\">2026.03.12.<\/a>\r\n                        <\/div><!-- \/.blog-two__bottom -->\r\n                    <\/div><!-- \/.blog-two__content -->\r\n                <\/div><!-- \/.blog-two__single -->\r\n            <\/div><!-- \/.col-lg-4 col-md-6 -->\r\n            <!-- \/.col-lg-4 col-md-6 -->\r\n                                    <div class=\"col-lg-4 col-md-6 col-sm-12 masonary-item wow fadeInUp\" data-wow-duration=\"1500ms\" data-wow-delay=\"0ms\">\r\n                <div class=\"blog-two__single\">\r\n                    <div class=\"blog-two__image\">\r\n                        <img decoding=\"async\" src=\"https:\/\/hdke.hu\/wp-content\/uploads\/2026\/02\/cover-honalp.jpg\" alt=\"Thumbnail Image\">\r\n                        <a href=\"https:\/\/hdke.hu\/en\/our-opening-hours-in-april\/\"><i class=\"egypt-icon-add\"><\/i><!-- \/.egypt-icon-add --><\/a>\r\n                    <\/div><!-- \/.blog-two__image -->\r\n                    <div class=\"blog-two__content\">\r\n                        <h3 class=\"blog-two__title\"><a href=\"https:\/\/hdke.hu\/en\/our-opening-hours-in-april\/\">Our opening hours in April<\/a><\/h3><!-- \/.blog-two__title -->\r\n                        <p class=\"blog-two__text\">The opening hours of the Holocaust Memorial Center&#8217;s exhibitions and our ...<\/p><!-- \/.blog-two__text -->\r\n                        <div class=\"blog-two__bottom\">\r\n                            <a href=\"https:\/\/hdke.hu\/en\/our-opening-hours-in-april\/\" class=\"blog-two__link\">Read More <span>+<\/span><\/a>\r\n                            <!-- \/.blog-two__link -->\r\n                            <a href=\"https:\/\/hdke.hu\/en\/2026\/02\/\" class=\"blog-two__date\">2026.02.25.<\/a>\r\n                        <\/div><!-- \/.blog-two__bottom -->\r\n                    <\/div><!-- \/.blog-two__content -->\r\n                <\/div><!-- \/.blog-two__single -->\r\n            <\/div><!-- \/.col-lg-4 col-md-6 -->\r\n            <!-- \/.col-lg-4 col-md-6 -->\r\n                                    <div class=\"col-lg-4 col-md-6 col-sm-12 masonary-item wow fadeInUp\" data-wow-duration=\"1500ms\" data-wow-delay=\"0ms\">\r\n                <div class=\"blog-two__single\">\r\n                    <div class=\"blog-two__image\">\r\n                        <img decoding=\"async\" src=\"https:\/\/hdke.hu\/wp-content\/uploads\/2026\/01\/cover-1-cr-honlap.jpg\" alt=\"Thumbnail Image\">\r\n                        <a href=\"https:\/\/hdke.hu\/en\/call-for-papers-for-its-international-conference-on-women-in-the-holocaust\/\"><i class=\"egypt-icon-add\"><\/i><!-- \/.egypt-icon-add --><\/a>\r\n                    <\/div><!-- \/.blog-two__image -->\r\n                    <div class=\"blog-two__content\">\r\n                        <h3 class=\"blog-two__title\"><a href=\"https:\/\/hdke.hu\/en\/call-for-papers-for-its-international-conference-on-women-in-the-holocaust\/\">Call for Papers\u00a0for its International Conference on Women in the Holocaust<\/a><\/h3><!-- \/.blog-two__title -->\r\n                        <p class=\"blog-two__text\">The Holocaust Memorial Center in Budapest\u00a0and the WHISC \u2013 Women in ...<\/p><!-- \/.blog-two__text -->\r\n                        <div class=\"blog-two__bottom\">\r\n                            <a href=\"https:\/\/hdke.hu\/en\/call-for-papers-for-its-international-conference-on-women-in-the-holocaust\/\" class=\"blog-two__link\">Read More <span>+<\/span><\/a>\r\n                            <!-- \/.blog-two__link -->\r\n                            <a href=\"https:\/\/hdke.hu\/en\/2026\/01\/\" class=\"blog-two__date\">2026.01.22.<\/a>\r\n                        <\/div><!-- \/.blog-two__bottom -->\r\n                    <\/div><!-- \/.blog-two__content -->\r\n                <\/div><!-- \/.blog-two__single -->\r\n            <\/div><!-- \/.col-lg-4 col-md-6 -->\r\n            <!-- \/.col-lg-4 col-md-6 -->\r\n                    <\/div><!-- \/.row -->\r\n    <\/div><!-- \/.container -->\r\n<\/section><!-- \/.blog-two -->\r\n\r\n<\/div><\/div><\/div><\/div><\/section><section class=\"kc-elm kc-css-553515 kc_row\"><div class=\"kc-row-container  kc-container\"><div class=\"kc-wrap-columns\"><div class=\"kc-elm kc-css-326995 kc_col-sm-4 kc_column kc_col-sm-4\"><div class=\"kc-col-container\"><div class=\"kc-elm kc-css-197291 kc_shortcode kc_single_image\">\n\n        <a  href=\"https:\/\/jegymester.hu\/\" title=\"\" target=\"_blank\">\n        <img decoding=\"async\" src=\"https:\/\/hdke.hu\/wp-content\/uploads\/2021\/12\/jegymester.png\" class=\"\" alt=\"\" \/>    <\/a>\n    <\/div>\n<\/div><\/div><div class=\"kc-elm kc-css-822805 kc_col-sm-4 kc_column kc_col-sm-4\"><div class=\"kc-col-container\"><div class=\"kc-elm kc-css-989790 kc_shortcode kc_single_image\">\n\n        <img decoding=\"async\" src=\"https:\/\/hdke.hu\/wp-content\/uploads\/2022\/09\/miniszterelnokseg.jpg\" class=\"\" alt=\"\" \/>    <\/div>\n<\/div><\/div><div class=\"kc-elm kc-css-373357 kc_col-sm-4 kc_column kc_col-sm-4\"><div class=\"kc-col-container\"><div class=\"kc-elm kc-css-88873 kc_shortcode kc_single_image\">\n\n        <img decoding=\"async\" src=\"https:\/\/hdke.hu\/wp-content\/uploads\/2021\/12\/betlehen-gabor-alap.png\" class=\"\" alt=\"\" \/>    <\/div>\n<\/div><\/div><\/div><\/div><\/section><section class=\"kc-elm kc-css-328451 kc_row\"><div class=\"kc-row-container  kc-container\"><div class=\"kc-wrap-columns\"><div class=\"kc-elm kc-css-14204 kc_col-sm-12 kc_column kc_col-sm-12\"><div class=\"kc-col-container\"><div class=\"kc-elm kc-css-927642\" style=\"height: 60px; clear: both; width:100%;\"><\/div><\/div><\/div><\/div><\/div><\/section><section data-kc-fullwidth=\"row\" class=\"kc-elm kc-css-453429 kc_row\"><div class=\"kc-row-container  kc-container\"><div class=\"kc-wrap-columns\"><div class=\"kc-elm kc-css-599161 kc_col-sm-4 kc_column kc_col-sm-4\"><div class=\"kc-col-container\"><div class=\"kc-elm kc-css-534277 kc_text_block\"><\/p>\n<div id=\"TA_cdsratingsonlynarrow28\" class=\"TA_cdsratingsonlynarrow\">\n<div id=\"CDSRATINGWIDGET28\" class=\"cdsROW white narrow cx_brand_refresh \">\n<div id=\"CDSROWCONTAINER28\" class=\"cdsROWContainer\">\n<div id=\"CDSROWLOC28\" class=\"cdsComponent cdsLocName\" style=\"text-align: center;\"><a href=\"http:\/\/www.tripadvisor.co.hu\/Attraction_Review-g274887-d601982-Reviews-Holocaust_Memorial_Center-Budapest_Central_Hungary.html\" target=\"_blank\" rel=\"nofollow noopener\"> Holocaust Memorial Center <\/a><\/div>\n<div id=\"CDSROWRATING28\" class=\"cdsComponent cdsRating\" style=\"text-align: center;\">1\u00a0579 \u00e9rt\u00e9kel\u00e9s<\/div>\n<div id=\"CDSROWLOGO28\" class=\"cdsComponent logo\"><a href=\"https:\/\/www.tripadvisor.co.hu\/\" target=\"_blank\" rel=\"noopener\"><br \/>\n<img loading=\"lazy\" decoding=\"async\" class=\"aligncenter\" src=\"https:\/\/www.tripadvisor.co.hu\/img\/cdsi\/img2\/branding\/v2\/Tripadvisor_lockup_horizontal_secondary_registered-18034-2.svg\" alt=\"Tripadvisor\" width=\"254\" height=\"83\" \/><br \/>\n<\/a><\/div>\n<\/div>\n<\/div>\n<\/div>\n<p>\n<\/div><\/div><\/div><div class=\"kc-elm kc-css-438361 kc_col-sm-4 kc_column kc_col-sm-4\"><div class=\"kc-col-container\"><div class=\"kc-elm kc-css-180259 kc_shortcode kc_single_image\">\n\n        <img decoding=\"async\" src=\"https:\/\/hdke.hu\/wp-content\/uploads\/2021\/12\/mult-kor.png\" class=\"\" alt=\"\" \/>    <\/div>\n<\/div><\/div><div class=\"kc-elm kc-css-917622 kc_col-sm-4 kc_column kc_col-sm-4\"><div class=\"kc-col-container\"><div class=\"kc-elm kc-css-58354 kc_text_block\"><\/p>\n<div id=\"fb-root\" style=\"text-align: center;\"><\/div>\n<p style=\"text-align: center;\"><script async=\"\" defer=\"\" crossorigin=\"anonymous\" src=\"https:\/\/connect.facebook.net\/hu_HU\/sdk.js#xfbml=1&#038;version=v12.0\" nonce=\"Gc9gSvA0\"><\/script><\/p>\n<div class=\"fb-page\" data-href=\"https:\/\/www.facebook.com\/Holokauszt\/\" data-tabs=\"timeline\" data-width=\"\" data-height=\"70\" data-small-header=\"false\" data-adapt-container-width=\"false\" data-hide-cover=\"false\" data-show-facepile=\"false\">\n<blockquote class=\"fb-xfbml-parse-ignore\" cite=\"https:\/\/www.facebook.com\/Holokauszt\/\">\n<p style=\"text-align: center;\"><a href=\"https:\/\/www.facebook.com\/Holokauszt\/\">Holokauszt Eml\u00e9kk\u00f6zpont<\/a><\/p>\n<\/blockquote>\n<\/div>\n<p>\n<\/div><\/div><\/div><\/div><\/div><\/section><section class=\"kc-elm kc-css-103200 kc_row\"><div class=\"kc-row-container  kc-container\"><div class=\"kc-wrap-columns\"><div class=\"kc-elm kc-css-131778 kc_col-sm-12 kc_column kc_col-sm-12\"><div class=\"kc-col-container\"><div class=\"kc-elm kc-css-497725\" style=\"height: 60px; clear: both; width:100%;\"><\/div><\/div><\/div><\/div><\/div><\/section><\/p>\n","protected":false},"excerpt":{"rendered":"<p>Csatolm\u00e1nyok N\u00e9v M\u00e9ret call for paper 307 KB<\/p>\n","protected":false},"author":15,"featured_media":0,"parent":0,"menu_order":0,"comment_status":"closed","ping_status":"closed","template":"tpl-king_composer.php","meta":{"footnotes":""},"class_list":["post-28009","page","type-page","status-publish","hentry"],"acf":[],"_links":{"self":[{"href":"https:\/\/hdke.hu\/en\/wp-json\/wp\/v2\/pages\/28009","targetHints":{"allow":["GET"]}}],"collection":[{"href":"https:\/\/hdke.hu\/en\/wp-json\/wp\/v2\/pages"}],"about":[{"href":"https:\/\/hdke.hu\/en\/wp-json\/wp\/v2\/types\/page"}],"author":[{"embeddable":true,"href":"https:\/\/hdke.hu\/en\/wp-json\/wp\/v2\/users\/15"}],"replies":[{"embeddable":true,"href":"https:\/\/hdke.hu\/en\/wp-json\/wp\/v2\/comments?post=28009"}],"version-history":[{"count":4,"href":"https:\/\/hdke.hu\/en\/wp-json\/wp\/v2\/pages\/28009\/revisions"}],"predecessor-version":[{"id":30163,"href":"https:\/\/hdke.hu\/en\/wp-json\/wp\/v2\/pages\/28009\/revisions\/30163"}],"wp:attachment":[{"href":"https:\/\/hdke.hu\/en\/wp-json\/wp\/v2\/media?parent=28009"}],"curies":[{"name":"wp","href":"https:\/\/api.w.org\/{rel}","templated":true}]}}